{"id":99,"date":"2023-09-27T19:23:30","date_gmt":"2023-09-27T17:23:30","guid":{"rendered":"https:\/\/pranikiteclub.com\/?page_id=99"},"modified":"2024-02-20T19:53:48","modified_gmt":"2024-02-20T18:53:48","slug":"about-us","status":"publish","type":"page","link":"https:\/\/pranikiteclub.com\/mx\/about-us\/","title":{"rendered":"Nosotros"},"content":{"rendered":"<div data-elementor-type=\"wp-page\" data-elementor-id=\"99\" class=\"elementor elementor-99\" data-elementor-post-type=\"page\">\n\t\t\t\t<div class=\"elementor-element elementor-element-ed28de8 e-con-full e-flex e-con e-parent\" data-id=\"ed28de8\" data-element_type=\"container\" data-settings=\"{&quot;background_background&quot;:&quot;classic&quot;,&quot;background_motion_fx_motion_fx_scrolling&quot;:&quot;yes&quot;,&quot;background_motion_fx_translateY_effect&quot;:&quot;yes&quot;,&quot;background_motion_fx_translateY_direction&quot;:&quot;negative&quot;,&quot;background_motion_fx_translateY_speed&quot;:{&quot;unit&quot;:&quot;px&quot;,&quot;size&quot;:4,&quot;sizes&quot;:[]},&quot;background_motion_fx_translateY_affectedRange&quot;:{&quot;unit&quot;:&quot;%&quot;,&quot;size&quot;:&quot;&quot;,&quot;sizes&quot;:{&quot;start&quot;:0,&quot;end&quot;:100}},&quot;background_motion_fx_devices&quot;:[&quot;desktop&quot;,&quot;tablet&quot;,&quot;mobile&quot;]}\">\n\t\t\t\t<div class=\"elementor-element elementor-element-2521dd5 elementor-widget elementor-widget-spacer\" data-id=\"2521dd5\" data-element_type=\"widget\" data-widget_type=\"spacer.default\">\n\t\t\t\t<div class=\"elementor-widget-container\">\n\t\t\t\t\t\t\t<div class=\"elementor-spacer\">\n\t\t\t<div class=\"elementor-spacer-inner\"><\/div>\n\t\t<\/div>\n\t\t\t\t\t\t<\/div>\n\t\t\t\t<\/div>\n\t\t\t\t<\/div>\n\t\t<div class=\"elementor-element elementor-element-a27890b e-flex e-con-boxed e-con e-parent\" data-id=\"a27890b\" data-element_type=\"container\" data-settings=\"{&quot;background_background&quot;:&quot;classic&quot;}\">\n\t\t\t\t\t<div class=\"e-con-inner\">\n\t\t\t\t<div class=\"elementor-element elementor-element-1133a17 elementor-widget elementor-widget-heading\" data-id=\"1133a17\" data-element_type=\"widget\" data-widget_type=\"heading.default\">\n\t\t\t\t<div class=\"elementor-widget-container\">\n\t\t\t\t\t<h2 class=\"elementor-heading-title elementor-size-default\">HISTORIA DEL CLUB\n<\/h2>\t\t\t\t<\/div>\n\t\t\t\t<\/div>\n\t\t\t\t<div class=\"elementor-element elementor-element-d24ce31 elementor-widget elementor-widget-text-editor\" data-id=\"d24ce31\" data-element_type=\"widget\" data-widget_type=\"text-editor.default\">\n\t\t\t\t<div class=\"elementor-widget-container\">\n\t\t\t\t\t\t\t\t\t<div id=\"qmvaEvzdVTnPf7ao\" class=\"CaptionText\" data-type=\"CaptionText\"><p>Aprend\u00ed kitesurf en 2010 en Isla Blanca y desde entonces he estado explorando los lugares ventosos de M\u00e9xico en busca de buenas sesiones.<br \/>After preparing myself the best teaching and riding in many spots of the world, the right time came to open up this Kite Club and share with you all of our passion and the resume of all these years of exploration and preparation.\u00a0<\/p><p><br \/>Nac\u00ed en M\u00e9rida, capital de Yucat\u00e1n, m\u00e1s cercana al lugar m\u00e1s ventoso de M\u00e9xico, Progreso.<br \/>Yoga practitioner since 2010 and thanks to it, I recovered from serious injuries caused back in time learning to fly high. Yoga simply helps my naturally twisted skeleton,\u00a0get aligned and also quiet down the noisy mind.\u00a0<\/p><p><br \/>Jeanne comenz\u00f3 a hacer kitesurf alrededor de 2016 en la isla de Vancouver. La naturaleza, el bosque, los osos, los pumas y el agua fr\u00eda fueron los elementos circundantes cuando aprendi\u00f3. Le encantan las sesiones fuertes con su tabla strapless y su 8m.<\/p><p><br \/>She is a magician with the camera and the way she projects her sight in to the photos is as beautiful as it can get.\u00a0 We are lucky to have her as the official photographer of the club and lucky enough to have few other friends with also a special photographic sight collaborating with us.<\/p><p><br \/>Being living in Puerto Morelos for the past 14 years where we receive every year the trade winds on winter and spring.\u00a0 We have a small but beautiful kiter community here. In the Riviera Maya we enjoy a quite long and complete windy season, riding winds from all directions: N, NE, E, SE, S and W.<\/p><p><br \/>We also have several spots in the Yucatan Peninsula some crowded some not crowded, some completely immerse in the nature and some others immerse in a piece of coast of the main cities and traditional towns. We have a perfect shallow and flat spot, paradise for twin tippers and freestylers, we also count with the second largest reef of the world where with certain wind directions and strengths can get a prime kite wave session.\u00a0 We also count with a long coast mostly protected by the reef for scenic downwinders. All of this, painted with the turquoise blues of the Caribbean Sea and its 26oC temperature.\u00a0<\/p><p><span style=\"color: var( --e-global-color-text ); font-family: var( --e-global-typography-text-font-family ), Sans-serif; font-weight: var( --e-global-typography-text-font-weight ); font-size: 1rem;\">\u00a0<\/span><\/p><p><span style=\"color: var( --e-global-color-text ); font-family: var( --e-global-typography-text-font-family ), Sans-serif; font-weight: var( --e-global-typography-text-font-weight ); font-size: 1rem;\">La otra Pen\u00ednsula de M\u00e9xico, la Baja, es un postre de pura magia. Con los hermosos azules y las aguas menos fr\u00edas del Mar de Cort\u00e9s a un lado y el fuerte y frio <\/span><span style=\"color: var( --e-global-color-text ); font-family: var( --e-global-typography-text-font-family ), Sans-serif; font-weight: var( --e-global-typography-text-font-weight ); font-size: 1rem;\">Oc\u00e9ano Pac\u00edfico, m\u00e1s ondulado, al otro lado. Realizamos road trips en kitesurf hasta los lugares m\u00e1s remotos, especializados en surfear olas en el lado del Pac\u00edfico y por supuesto <\/span><span style=\"color: var( --e-global-color-text ); font-family: var( --e-global-typography-text-font-family ), Sans-serif; font-weight: var( --e-global-typography-text-font-weight ); font-size: 1rem;\">riding on the Sea of Cortez side where the main Mexican kite and wing mecca is based: La Ventana, BCS.<\/span><\/p><p><span style=\"color: var( --e-global-color-text ); font-family: var( --e-global-typography-text-font-family ), Sans-serif; font-weight: var( --e-global-typography-text-font-weight ); font-size: 1rem;\">\u00a0<\/span><\/p><p>We enjoy peaceful places with a marked cultural authenticity &amp; tradition, tasty and fresh sea food, coconuts, loads of wind, to observe the different kinds of the blue color in the seas we ride and share cool vibes all around.\u00a0<\/p><p>\u00a0<\/p><p>Perm\u00edtenos llevarte en un aut\u00e9ntico Kite Road Trip alrededor de una de nuestras queridas Pen\u00ednsulas y perm\u00edtenos compartir algunas sesiones de kite incre\u00edbles y \u00e9picas.<br \/>Con todos los amigos que hemos hecho en este viaje kiter y el efecto after session. \u00a1El efecto PRANIK!<\/p><p><br \/>That is why the name of this club, so just come over and share a PRANIK session with us!<\/p><p>Alex Villanueva<br \/>Founder\u00a0<\/p><\/div>\t\t\t\t\t\t\t\t<\/div>\n\t\t\t\t<\/div>\n\t\t\t\t<div class=\"elementor-element elementor-element-9fcc82a elementor-widget elementor-widget-image\" data-id=\"9fcc82a\" data-element_type=\"widget\" data-widget_type=\"image.default\">\n\t\t\t\t<div class=\"elementor-widget-container\">\n\t\t\t\t\t\t\t\t\t\t\t\t\t\t\t<img fetchpriority=\"high\" decoding=\"async\" width=\"1400\" height=\"786\" src=\"https:\/\/pranikiteclub.com\/wp-content\/uploads\/2023\/11\/pranik-esp.jpg\" class=\"attachment-full size-full wp-image-105\" alt=\"\" srcset=\"https:\/\/pranikiteclub.com\/wp-content\/uploads\/2023\/11\/pranik-esp.jpg 1400w, https:\/\/pranikiteclub.com\/wp-content\/uploads\/2023\/11\/pranik-esp-300x168.jpg 300w, https:\/\/pranikiteclub.com\/wp-content\/uploads\/2023\/11\/pranik-esp-1024x575.jpg 1024w, https:\/\/pranikiteclub.com\/wp-content\/uploads\/2023\/11\/pranik-esp-768x431.jpg 768w, https:\/\/pranikiteclub.com\/wp-content\/uploads\/2023\/11\/pranik-esp-18x10.jpg 18w, https:\/\/pranikiteclub.com\/wp-content\/uploads\/2023\/11\/pranik-esp-600x337.jpg 600w\" sizes=\"(max-width: 1400px) 100vw, 1400px\" \/>\t\t\t\t\t\t\t\t\t\t\t\t\t\t\t<\/div>\n\t\t\t\t<\/div>\n\t\t\t\t\t<\/div>\n\t\t\t\t<\/div>\n\t\t\t\t<\/div>","protected":false},"excerpt":{"rendered":"<p>STORY OF THE CLUB I learned kiteboarding back in 2010 at Isla Blanca and since then I&#8217;ve being exploring the windy spots of Mexico in search of sweet sessions.After preparing myself the best teaching and riding in many spots of the world, the right time came to open up this Kite Club and share with [&hellip;]<\/p>","protected":false},"author":1,"featured_media":0,"parent":0,"menu_order":0,"comment_status":"closed","ping_status":"closed","template":"","meta":{"content-type":"","footnotes":""},"class_list":["post-99","page","type-page","status-publish","hentry"],"yoast_head":"<!-- This site is optimized with the Yoast SEO Premium plugin v21.5 (Yoast SEO v26.7) - https:\/\/yoast.com\/wordpress\/plugins\/seo\/ -->\n<title>About Us - Pranik Kite Club<\/title>\n<meta name=\"robots\" content=\"index, follow, max-snippet:-1, max-image-preview:large, max-video-preview:-1\" \/>\n<link rel=\"canonical\" href=\"https:\/\/pranikiteclub.com\/mx\/about-us\/\" \/>\n<meta property=\"og:locale\" content=\"es_MX\" \/>\n<meta property=\"og:type\" content=\"article\" \/>\n<meta property=\"og:title\" content=\"About Us\" \/>\n<meta property=\"og:description\" content=\"STORY OF THE CLUB I learned kiteboarding back in 2010 at Isla Blanca and since then I&#8217;ve being exploring the windy spots of Mexico in search of sweet sessions.After preparing myself the best teaching and riding in many spots of the world, the right time came to open up this Kite Club and share with [&hellip;]\" \/>\n<meta property=\"og:url\" content=\"https:\/\/pranikiteclub.com\/mx\/about-us\/\" \/>\n<meta property=\"og:site_name\" content=\"Pranik Kite Club\" \/>\n<meta property=\"article:modified_time\" content=\"2024-02-20T18:53:48+00:00\" \/>\n<meta property=\"og:image\" content=\"https:\/\/pranikiteclub.com\/wp-content\/uploads\/2023\/09\/w1000-m211100gIhk44qQs.jpg\" \/>\n<meta name=\"twitter:card\" content=\"summary_large_image\" \/>\n<meta name=\"twitter:label1\" content=\"Tiempo de lectura\" \/>\n\t<meta name=\"twitter:data1\" content=\"3 minutos\" \/>\n<script type=\"application\/ld+json\" class=\"yoast-schema-graph\">{\"@context\":\"https:\/\/schema.org\",\"@graph\":[{\"@type\":\"WebPage\",\"@id\":\"https:\/\/pranikiteclub.com\/about-us\/\",\"url\":\"https:\/\/pranikiteclub.com\/about-us\/\",\"name\":\"About Us - Pranik Kite Club\",\"isPartOf\":{\"@id\":\"https:\/\/pranikiteclub.com\/#website\"},\"primaryImageOfPage\":{\"@id\":\"https:\/\/pranikiteclub.com\/about-us\/#primaryimage\"},\"image\":{\"@id\":\"https:\/\/pranikiteclub.com\/about-us\/#primaryimage\"},\"thumbnailUrl\":\"https:\/\/pranikiteclub.com\/wp-content\/uploads\/2023\/09\/w1000-m211100gIhk44qQs.jpg\",\"datePublished\":\"2023-09-27T17:23:30+00:00\",\"dateModified\":\"2024-02-20T18:53:48+00:00\",\"breadcrumb\":{\"@id\":\"https:\/\/pranikiteclub.com\/about-us\/#breadcrumb\"},\"inLanguage\":\"es\",\"potentialAction\":[{\"@type\":\"ReadAction\",\"target\":[\"https:\/\/pranikiteclub.com\/about-us\/\"]}]},{\"@type\":\"ImageObject\",\"inLanguage\":\"es\",\"@id\":\"https:\/\/pranikiteclub.com\/about-us\/#primaryimage\",\"url\":\"https:\/\/pranikiteclub.com\/wp-content\/uploads\/2023\/09\/w1000-m211100gIhk44qQs.jpg\",\"contentUrl\":\"https:\/\/pranikiteclub.com\/wp-content\/uploads\/2023\/09\/w1000-m211100gIhk44qQs.jpg\"},{\"@type\":\"BreadcrumbList\",\"@id\":\"https:\/\/pranikiteclub.com\/about-us\/#breadcrumb\",\"itemListElement\":[{\"@type\":\"ListItem\",\"position\":1,\"name\":\"Home\",\"item\":\"https:\/\/pranikiteclub.com\/\"},{\"@type\":\"ListItem\",\"position\":2,\"name\":\"About Us\"}]},{\"@type\":\"WebSite\",\"@id\":\"https:\/\/pranikiteclub.com\/#website\",\"url\":\"https:\/\/pranikiteclub.com\/\",\"name\":\"Pranik Kite Club\",\"description\":\"\",\"publisher\":{\"@id\":\"https:\/\/pranikiteclub.com\/#organization\"},\"potentialAction\":[{\"@type\":\"SearchAction\",\"target\":{\"@type\":\"EntryPoint\",\"urlTemplate\":\"https:\/\/pranikiteclub.com\/?s={search_term_string}\"},\"query-input\":{\"@type\":\"PropertyValueSpecification\",\"valueRequired\":true,\"valueName\":\"search_term_string\"}}],\"inLanguage\":\"es\"},{\"@type\":\"Organization\",\"@id\":\"https:\/\/pranikiteclub.com\/#organization\",\"name\":\"Pranik Kite Club\",\"url\":\"https:\/\/pranikiteclub.com\/\",\"logo\":{\"@type\":\"ImageObject\",\"inLanguage\":\"es\",\"@id\":\"https:\/\/pranikiteclub.com\/#\/schema\/logo\/image\/\",\"url\":\"https:\/\/pranikiteclub.com\/wp-content\/uploads\/2023\/11\/fav.png\",\"contentUrl\":\"https:\/\/pranikiteclub.com\/wp-content\/uploads\/2023\/11\/fav.png\",\"width\":409,\"height\":443,\"caption\":\"Pranik Kite Club\"},\"image\":{\"@id\":\"https:\/\/pranikiteclub.com\/#\/schema\/logo\/image\/\"}}]}<\/script>\n<!-- \/ Yoast SEO Premium plugin. -->","yoast_head_json":{"title":"About Us - Pranik Kite Club","robots":{"index":"index","follow":"follow","max-snippet":"max-snippet:-1","max-image-preview":"max-image-preview:large","max-video-preview":"max-video-preview:-1"},"canonical":"https:\/\/pranikiteclub.com\/mx\/about-us\/","og_locale":"es_MX","og_type":"article","og_title":"About Us","og_description":"STORY OF THE CLUB I learned kiteboarding back in 2010 at Isla Blanca and since then I&#8217;ve being exploring the windy spots of Mexico in search of sweet sessions.After preparing myself the best teaching and riding in many spots of the world, the right time came to open up this Kite Club and share with [&hellip;]","og_url":"https:\/\/pranikiteclub.com\/mx\/about-us\/","og_site_name":"Pranik Kite Club","article_modified_time":"2024-02-20T18:53:48+00:00","og_image":[{"url":"https:\/\/pranikiteclub.com\/wp-content\/uploads\/2023\/09\/w1000-m211100gIhk44qQs.jpg","type":"","width":"","height":""}],"twitter_card":"summary_large_image","twitter_misc":{"Tiempo de lectura":"3 minutos"},"schema":{"@context":"https:\/\/schema.org","@graph":[{"@type":"WebPage","@id":"https:\/\/pranikiteclub.com\/about-us\/","url":"https:\/\/pranikiteclub.com\/about-us\/","name":"About Us - Pranik Kite Club","isPartOf":{"@id":"https:\/\/pranikiteclub.com\/#website"},"primaryImageOfPage":{"@id":"https:\/\/pranikiteclub.com\/about-us\/#primaryimage"},"image":{"@id":"https:\/\/pranikiteclub.com\/about-us\/#primaryimage"},"thumbnailUrl":"https:\/\/pranikiteclub.com\/wp-content\/uploads\/2023\/09\/w1000-m211100gIhk44qQs.jpg","datePublished":"2023-09-27T17:23:30+00:00","dateModified":"2024-02-20T18:53:48+00:00","breadcrumb":{"@id":"https:\/\/pranikiteclub.com\/about-us\/#breadcrumb"},"inLanguage":"es","potentialAction":[{"@type":"ReadAction","target":["https:\/\/pranikiteclub.com\/about-us\/"]}]},{"@type":"ImageObject","inLanguage":"es","@id":"https:\/\/pranikiteclub.com\/about-us\/#primaryimage","url":"https:\/\/pranikiteclub.com\/wp-content\/uploads\/2023\/09\/w1000-m211100gIhk44qQs.jpg","contentUrl":"https:\/\/pranikiteclub.com\/wp-content\/uploads\/2023\/09\/w1000-m211100gIhk44qQs.jpg"},{"@type":"BreadcrumbList","@id":"https:\/\/pranikiteclub.com\/about-us\/#breadcrumb","itemListElement":[{"@type":"ListItem","position":1,"name":"Home","item":"https:\/\/pranikiteclub.com\/"},{"@type":"ListItem","position":2,"name":"About Us"}]},{"@type":"WebSite","@id":"https:\/\/pranikiteclub.com\/#website","url":"https:\/\/pranikiteclub.com\/","name":"Pranik Kite Club","description":"","publisher":{"@id":"https:\/\/pranikiteclub.com\/#organization"},"potentialAction":[{"@type":"SearchAction","target":{"@type":"EntryPoint","urlTemplate":"https:\/\/pranikiteclub.com\/?s={search_term_string}"},"query-input":{"@type":"PropertyValueSpecification","valueRequired":true,"valueName":"search_term_string"}}],"inLanguage":"es"},{"@type":"Organization","@id":"https:\/\/pranikiteclub.com\/#organization","name":"Pranik Kite Club","url":"https:\/\/pranikiteclub.com\/","logo":{"@type":"ImageObject","inLanguage":"es","@id":"https:\/\/pranikiteclub.com\/#\/schema\/logo\/image\/","url":"https:\/\/pranikiteclub.com\/wp-content\/uploads\/2023\/11\/fav.png","contentUrl":"https:\/\/pranikiteclub.com\/wp-content\/uploads\/2023\/11\/fav.png","width":409,"height":443,"caption":"Pranik Kite Club"},"image":{"@id":"https:\/\/pranikiteclub.com\/#\/schema\/logo\/image\/"}}]}},"_links":{"self":[{"href":"https:\/\/pranikiteclub.com\/mx\/wp-json\/wp\/v2\/pages\/99","targetHints":{"allow":["GET"]}}],"collection":[{"href":"https:\/\/pranikiteclub.com\/mx\/wp-json\/wp\/v2\/pages"}],"about":[{"href":"https:\/\/pranikiteclub.com\/mx\/wp-json\/wp\/v2\/types\/page"}],"author":[{"embeddable":true,"href":"https:\/\/pranikiteclub.com\/mx\/wp-json\/wp\/v2\/users\/1"}],"replies":[{"embeddable":true,"href":"https:\/\/pranikiteclub.com\/mx\/wp-json\/wp\/v2\/comments?post=99"}],"version-history":[{"count":19,"href":"https:\/\/pranikiteclub.com\/mx\/wp-json\/wp\/v2\/pages\/99\/revisions"}],"predecessor-version":[{"id":759,"href":"https:\/\/pranikiteclub.com\/mx\/wp-json\/wp\/v2\/pages\/99\/revisions\/759"}],"wp:attachment":[{"href":"https:\/\/pranikiteclub.com\/mx\/wp-json\/wp\/v2\/media?parent=99"}],"curies":[{"name":"wp","href":"https:\/\/api.w.org\/{rel}","templated":true}]}}