{"id":661,"date":"2023-11-25T21:48:29","date_gmt":"2023-11-25T20:48:29","guid":{"rendered":"https:\/\/pranikiteclub.com\/?page_id=661"},"modified":"2023-11-26T18:15:45","modified_gmt":"2023-11-26T17:15:45","slug":"lodging-puerto-morelos","status":"publish","type":"page","link":"https:\/\/pranikiteclub.com\/mx\/lodging-puerto-morelos\/","title":{"rendered":"LODGING &#8211; PUERTO MORELOS"},"content":{"rendered":"<div data-elementor-type=\"wp-page\" data-elementor-id=\"661\" class=\"elementor elementor-661\" data-elementor-post-type=\"page\">\n\t\t\t\t<div class=\"elementor-element elementor-element-212ea49 e-flex e-con-boxed e-con e-parent\" data-id=\"212ea49\" data-element_type=\"container\">\n\t\t\t\t\t<div class=\"e-con-inner\">\n\t\t\t\t<div class=\"elementor-element elementor-element-da634b8 elementor-widget elementor-widget-heading\" data-id=\"da634b8\" data-element_type=\"widget\" data-widget_type=\"heading.default\">\n\t\t\t\t<div class=\"elementor-widget-container\">\n\t\t\t\t\t<h2 class=\"elementor-heading-title elementor-size-default\">HOSPEDAJE - PUERTO MORELOS\n<\/h2>\t\t\t\t<\/div>\n\t\t\t\t<\/div>\n\t\t\t\t<div class=\"elementor-element elementor-element-7ae9fd8 elementor-widget elementor-widget-text-editor\" data-id=\"7ae9fd8\" data-element_type=\"widget\" data-widget_type=\"text-editor.default\">\n\t\t\t\t<div class=\"elementor-widget-container\">\n\t\t\t\t\t\t\t\t\t<p>Hay muchas opciones de alojamiento, sum\u00e9rgete en la web y encuentra la que creas que se adapta mejor a ti.\u00a0<br \/>Aqu\u00ed compartimos algunos de ellos que nos gustan.<\/p>\t\t\t\t\t\t\t\t<\/div>\n\t\t\t\t<\/div>\n\t\t\t\t<div class=\"elementor-element elementor-element-f4e2b1c elementor-align-center elementor-widget elementor-widget-button\" data-id=\"f4e2b1c\" data-element_type=\"widget\" data-widget_type=\"button.default\">\n\t\t\t\t<div class=\"elementor-widget-container\">\n\t\t\t\t\t\t\t\t\t<div class=\"elementor-button-wrapper\">\n\t\t\t\t\t<a class=\"elementor-button elementor-button-link elementor-size-sm elementor-animation-bob\" href=\"https:\/\/pranikiteclub.com\/mx\/contact-us\/\">\n\t\t\t\t\t\t<span class=\"elementor-button-content-wrapper\">\n\t\t\t\t\t\t\t\t\t<span class=\"elementor-button-text\">CONT\u00c1CTANOS PARA RESERVAR<\/span>\n\t\t\t\t\t<\/span>\n\t\t\t\t\t<\/a>\n\t\t\t\t<\/div>\n\t\t\t\t\t\t\t\t<\/div>\n\t\t\t\t<\/div>\n\t\t\t\t\t<\/div>\n\t\t\t\t<\/div>\n\t\t<div class=\"elementor-element elementor-element-568f34b e-flex e-con-boxed e-con e-parent\" data-id=\"568f34b\" data-element_type=\"container\">\n\t\t\t\t\t<div class=\"e-con-inner\">\n\t\t<div class=\"elementor-element elementor-element-67ca6cc e-con-full e-flex e-con e-child\" data-id=\"67ca6cc\" data-element_type=\"container\">\n\t\t\t\t<div class=\"elementor-element elementor-element-525b49a elementor-widget elementor-widget-image\" data-id=\"525b49a\" data-element_type=\"widget\" data-widget_type=\"image.default\">\n\t\t\t\t<div class=\"elementor-widget-container\">\n\t\t\t\t\t\t\t\t\t\t\t\t\t\t\t<img fetchpriority=\"high\" decoding=\"async\" width=\"900\" height=\"600\" src=\"https:\/\/pranikiteclub.com\/wp-content\/uploads\/2023\/11\/7.jpg\" class=\"attachment-full size-full wp-image-667\" alt=\"\" srcset=\"https:\/\/pranikiteclub.com\/wp-content\/uploads\/2023\/11\/7.jpg 900w, https:\/\/pranikiteclub.com\/wp-content\/uploads\/2023\/11\/7-300x200.jpg 300w, https:\/\/pranikiteclub.com\/wp-content\/uploads\/2023\/11\/7-768x512.jpg 768w, https:\/\/pranikiteclub.com\/wp-content\/uploads\/2023\/11\/7-18x12.jpg 18w, https:\/\/pranikiteclub.com\/wp-content\/uploads\/2023\/11\/7-600x400.jpg 600w\" sizes=\"(max-width: 900px) 100vw, 900px\" \/>\t\t\t\t\t\t\t\t\t\t\t\t\t\t\t<\/div>\n\t\t\t\t<\/div>\n\t\t\t\t<\/div>\n\t\t<div class=\"elementor-element elementor-element-d15497c e-con-full e-flex e-con e-child\" data-id=\"d15497c\" data-element_type=\"container\">\n\t\t\t\t<div class=\"elementor-element elementor-element-9fb15cf elementor-widget elementor-widget-spacer\" data-id=\"9fb15cf\" data-element_type=\"widget\" data-widget_type=\"spacer.default\">\n\t\t\t\t<div class=\"elementor-widget-container\">\n\t\t\t\t\t\t\t<div class=\"elementor-spacer\">\n\t\t\t<div class=\"elementor-spacer-inner\"><\/div>\n\t\t<\/div>\n\t\t\t\t\t\t<\/div>\n\t\t\t\t<\/div>\n\t\t\t\t<div class=\"elementor-element elementor-element-64d5b8a elementor-widget elementor-widget-heading\" data-id=\"64d5b8a\" data-element_type=\"widget\" data-widget_type=\"heading.default\">\n\t\t\t\t<div class=\"elementor-widget-container\">\n\t\t\t\t\t<h2 class=\"elementor-heading-title elementor-size-default\">AMAR INN<\/h2>\t\t\t\t<\/div>\n\t\t\t\t<\/div>\n\t\t\t\t<div class=\"elementor-element elementor-element-3b9ad40 elementor-widget elementor-widget-text-editor\" data-id=\"3b9ad40\" data-element_type=\"widget\" data-widget_type=\"text-editor.default\">\n\t\t\t\t<div class=\"elementor-widget-container\">\n\t\t\t\t\t\t\t\t\t<p>Se trata de un peque\u00f1o hotel familiar, justo al lado de la playa, donde hemos alojado a familiares y amigos desde hace a\u00f1os. Su apariencia tradicional costera mexicana con la comodidad de sus habitaciones, la excelente ubicaci\u00f3n y el c\u00e1lido servicio de su personal, hacen de esta opci\u00f3n una que nos gusta mucho.<\/p>\t\t\t\t\t\t\t\t<\/div>\n\t\t\t\t<\/div>\n\t\t\t\t<div class=\"elementor-element elementor-element-96bab12 elementor-align-left elementor-widget elementor-widget-button\" data-id=\"96bab12\" data-element_type=\"widget\" data-widget_type=\"button.default\">\n\t\t\t\t<div class=\"elementor-widget-container\">\n\t\t\t\t\t\t\t\t\t<div class=\"elementor-button-wrapper\">\n\t\t\t\t\t<a class=\"elementor-button elementor-button-link elementor-size-sm elementor-animation-bob\" href=\"https:\/\/pranikiteclub.com\/mx\/amar-inn\/\">\n\t\t\t\t\t\t<span class=\"elementor-button-content-wrapper\">\n\t\t\t\t\t\t\t\t\t<span class=\"elementor-button-text\">M\u00c1S INFORMACI\u00d3N<\/span>\n\t\t\t\t\t<\/span>\n\t\t\t\t\t<\/a>\n\t\t\t\t<\/div>\n\t\t\t\t\t\t\t\t<\/div>\n\t\t\t\t<\/div>\n\t\t\t\t<\/div>\n\t\t\t\t\t<\/div>\n\t\t\t\t<\/div>\n\t\t<div class=\"elementor-element elementor-element-8557508 e-flex e-con-boxed e-con e-parent\" data-id=\"8557508\" data-element_type=\"container\">\n\t\t\t\t\t<div class=\"e-con-inner\">\n\t\t<div class=\"elementor-element elementor-element-3c666b2 e-con-full e-flex e-con e-child\" data-id=\"3c666b2\" data-element_type=\"container\">\n\t\t\t\t<div class=\"elementor-element elementor-element-27f5809 elementor-widget elementor-widget-spacer\" data-id=\"27f5809\" data-element_type=\"widget\" data-widget_type=\"spacer.default\">\n\t\t\t\t<div class=\"elementor-widget-container\">\n\t\t\t\t\t\t\t<div class=\"elementor-spacer\">\n\t\t\t<div class=\"elementor-spacer-inner\"><\/div>\n\t\t<\/div>\n\t\t\t\t\t\t<\/div>\n\t\t\t\t<\/div>\n\t\t\t\t<div class=\"elementor-element elementor-element-cc4ff9a elementor-widget elementor-widget-heading\" data-id=\"cc4ff9a\" data-element_type=\"widget\" data-widget_type=\"heading.default\">\n\t\t\t\t<div class=\"elementor-widget-container\">\n\t\t\t\t\t<h2 class=\"elementor-heading-title elementor-size-default\">ABBEY DEL SOL<\/h2>\t\t\t\t<\/div>\n\t\t\t\t<\/div>\n\t\t\t\t<div class=\"elementor-element elementor-element-ca49024 elementor-widget elementor-widget-text-editor\" data-id=\"ca49024\" data-element_type=\"widget\" data-widget_type=\"text-editor.default\">\n\t\t\t\t<div class=\"elementor-widget-container\">\n\t\t\t\t\t\t\t\t\t<p>Abbey del Sol es un hotel boutique escondido ubicado en la cl\u00e1sica zona residencial de Puerto Morelos. Tiene un estilo folcl\u00f3rico mexicano y s\u00f3lo 12 habitaciones disponibles. Est\u00e1 a s\u00f3lo 8 minutos a pie del centro de la ciudad.<\/p>\t\t\t\t\t\t\t\t<\/div>\n\t\t\t\t<\/div>\n\t\t\t\t<div class=\"elementor-element elementor-element-5d41beb elementor-align-right elementor-widget elementor-widget-button\" data-id=\"5d41beb\" data-element_type=\"widget\" data-widget_type=\"button.default\">\n\t\t\t\t<div class=\"elementor-widget-container\">\n\t\t\t\t\t\t\t\t\t<div class=\"elementor-button-wrapper\">\n\t\t\t\t\t<a class=\"elementor-button elementor-button-link elementor-size-sm elementor-animation-bob\" href=\"https:\/\/pranikiteclub.com\/mx\/abbey-del-sol\/\">\n\t\t\t\t\t\t<span class=\"elementor-button-content-wrapper\">\n\t\t\t\t\t\t\t\t\t<span class=\"elementor-button-text\">M\u00c1S INFORMACI\u00d3N<\/span>\n\t\t\t\t\t<\/span>\n\t\t\t\t\t<\/a>\n\t\t\t\t<\/div>\n\t\t\t\t\t\t\t\t<\/div>\n\t\t\t\t<\/div>\n\t\t\t\t<\/div>\n\t\t<div class=\"elementor-element elementor-element-fd98528 e-con-full e-flex e-con e-child\" data-id=\"fd98528\" data-element_type=\"container\">\n\t\t\t\t<div class=\"elementor-element elementor-element-50a0065 elementor-widget elementor-widget-image\" data-id=\"50a0065\" data-element_type=\"widget\" data-widget_type=\"image.default\">\n\t\t\t\t<div class=\"elementor-widget-container\">\n\t\t\t\t\t\t\t\t\t\t\t\t\t\t\t<img decoding=\"async\" width=\"900\" height=\"600\" src=\"https:\/\/pranikiteclub.com\/wp-content\/uploads\/2023\/11\/8.jpg\" class=\"attachment-full size-full wp-image-666\" alt=\"\" srcset=\"https:\/\/pranikiteclub.com\/wp-content\/uploads\/2023\/11\/8.jpg 900w, https:\/\/pranikiteclub.com\/wp-content\/uploads\/2023\/11\/8-300x200.jpg 300w, https:\/\/pranikiteclub.com\/wp-content\/uploads\/2023\/11\/8-768x512.jpg 768w, https:\/\/pranikiteclub.com\/wp-content\/uploads\/2023\/11\/8-18x12.jpg 18w, https:\/\/pranikiteclub.com\/wp-content\/uploads\/2023\/11\/8-600x400.jpg 600w\" sizes=\"(max-width: 900px) 100vw, 900px\" \/>\t\t\t\t\t\t\t\t\t\t\t\t\t\t\t<\/div>\n\t\t\t\t<\/div>\n\t\t\t\t<\/div>\n\t\t\t\t\t<\/div>\n\t\t\t\t<\/div>\n\t\t<div class=\"elementor-element elementor-element-59aac2e e-flex e-con-boxed e-con e-parent\" data-id=\"59aac2e\" data-element_type=\"container\">\n\t\t\t\t\t<div class=\"e-con-inner\">\n\t\t<div class=\"elementor-element elementor-element-629da36 e-con-full e-flex e-con e-child\" data-id=\"629da36\" data-element_type=\"container\">\n\t\t\t\t<div class=\"elementor-element elementor-element-202fcc3 elementor-widget elementor-widget-image\" data-id=\"202fcc3\" data-element_type=\"widget\" data-widget_type=\"image.default\">\n\t\t\t\t<div class=\"elementor-widget-container\">\n\t\t\t\t\t\t\t\t\t\t\t\t\t\t\t<img decoding=\"async\" width=\"900\" height=\"600\" src=\"https:\/\/pranikiteclub.com\/wp-content\/uploads\/2023\/11\/9.jpg\" class=\"attachment-full size-full wp-image-665\" alt=\"\" srcset=\"https:\/\/pranikiteclub.com\/wp-content\/uploads\/2023\/11\/9.jpg 900w, https:\/\/pranikiteclub.com\/wp-content\/uploads\/2023\/11\/9-300x200.jpg 300w, https:\/\/pranikiteclub.com\/wp-content\/uploads\/2023\/11\/9-768x512.jpg 768w, https:\/\/pranikiteclub.com\/wp-content\/uploads\/2023\/11\/9-18x12.jpg 18w, https:\/\/pranikiteclub.com\/wp-content\/uploads\/2023\/11\/9-600x400.jpg 600w\" sizes=\"(max-width: 900px) 100vw, 900px\" \/>\t\t\t\t\t\t\t\t\t\t\t\t\t\t\t<\/div>\n\t\t\t\t<\/div>\n\t\t\t\t<\/div>\n\t\t<div class=\"elementor-element elementor-element-4045de0 e-con-full e-flex e-con e-child\" data-id=\"4045de0\" data-element_type=\"container\">\n\t\t\t\t<div class=\"elementor-element elementor-element-490e3c5 elementor-widget elementor-widget-spacer\" data-id=\"490e3c5\" data-element_type=\"widget\" data-widget_type=\"spacer.default\">\n\t\t\t\t<div class=\"elementor-widget-container\">\n\t\t\t\t\t\t\t<div class=\"elementor-spacer\">\n\t\t\t<div class=\"elementor-spacer-inner\"><\/div>\n\t\t<\/div>\n\t\t\t\t\t\t<\/div>\n\t\t\t\t<\/div>\n\t\t\t\t<div class=\"elementor-element elementor-element-8c3ed70 elementor-widget elementor-widget-heading\" data-id=\"8c3ed70\" data-element_type=\"widget\" data-widget_type=\"heading.default\">\n\t\t\t\t<div class=\"elementor-widget-container\">\n\t\t\t\t\t<h2 class=\"elementor-heading-title elementor-size-default\">CASA OM<\/h2>\t\t\t\t<\/div>\n\t\t\t\t<\/div>\n\t\t\t\t<div class=\"elementor-element elementor-element-fe3c047 elementor-widget elementor-widget-text-editor\" data-id=\"fe3c047\" data-element_type=\"widget\" data-widget_type=\"text-editor.default\">\n\t\t\t\t<div class=\"elementor-widget-container\">\n\t\t\t\t\t\t\t\t\t<div id=\"ARZynblFyyqUZm4T\" class=\"CaptionText\" data-type=\"CaptionText\">Casa Om es un hermoso lugar yogui para aquellos que quieran integrar algo de yoga entre sesiones de kitesurf. Es un lugar especial aqu\u00ed en Puerto donde podr\u00e1s tomar una sesi\u00f3n de yoga antes o despu\u00e9s de tu lecci\u00f3n de kitesurf.<\/div><div id=\"fhWa0C6YvaqYPWrT\" class=\"CaptionButton\" data-type=\"CaptionButton\">\u00a0<\/div>\t\t\t\t\t\t\t\t<\/div>\n\t\t\t\t<\/div>\n\t\t\t\t<div class=\"elementor-element elementor-element-6aca063 elementor-align-left elementor-widget elementor-widget-button\" data-id=\"6aca063\" data-element_type=\"widget\" data-widget_type=\"button.default\">\n\t\t\t\t<div class=\"elementor-widget-container\">\n\t\t\t\t\t\t\t\t\t<div class=\"elementor-button-wrapper\">\n\t\t\t\t\t<a class=\"elementor-button elementor-button-link elementor-size-sm elementor-animation-bob\" href=\"https:\/\/pranikiteclub.com\/mx\/casa-om\/\">\n\t\t\t\t\t\t<span class=\"elementor-button-content-wrapper\">\n\t\t\t\t\t\t\t\t\t<span class=\"elementor-button-text\">M\u00c1S INFORMACI\u00d3N<\/span>\n\t\t\t\t\t<\/span>\n\t\t\t\t\t<\/a>\n\t\t\t\t<\/div>\n\t\t\t\t\t\t\t\t<\/div>\n\t\t\t\t<\/div>\n\t\t\t\t<\/div>\n\t\t\t\t\t<\/div>\n\t\t\t\t<\/div>\n\t\t\t\t<\/div>","protected":false},"excerpt":{"rendered":"<p>LODGING &#8211; PUERTO MORELOS There are plenty of options for lodging, take a dive in to the web and find the one you feel fits the most for you.\u00a0Here we share few of them we like. CONTACT US TO BOOK AMAR INN This is a small hotel family own, just aside the beach, where we [&hellip;]<\/p>","protected":false},"author":1,"featured_media":0,"parent":0,"menu_order":0,"comment_status":"closed","ping_status":"closed","template":"","meta":{"content-type":"","footnotes":""},"class_list":["post-661","page","type-page","status-publish","hentry"],"yoast_head":"<!-- This site is optimized with the Yoast SEO Premium plugin v21.5 (Yoast SEO v26.7) - https:\/\/yoast.com\/wordpress\/plugins\/seo\/ -->\n<title>LODGING - PUERTO MORELOS - Pranik Kite Club<\/title>\n<meta name=\"robots\" content=\"index, follow, max-snippet:-1, max-image-preview:large, max-video-preview:-1\" \/>\n<link rel=\"canonical\" href=\"https:\/\/pranikiteclub.com\/mx\/lodging-puerto-morelos\/\" \/>\n<meta property=\"og:locale\" content=\"es_MX\" \/>\n<meta property=\"og:type\" content=\"article\" \/>\n<meta property=\"og:title\" content=\"LODGING - PUERTO MORELOS\" \/>\n<meta property=\"og:description\" content=\"LODGING &#8211; PUERTO MORELOS There are plenty of options for lodging, take a dive in to the web and find the one you feel fits the most for you.\u00a0Here we share few of them we like. CONTACT US TO BOOK AMAR INN This is a small hotel family own, just aside the beach, where we [&hellip;]\" \/>\n<meta property=\"og:url\" content=\"https:\/\/pranikiteclub.com\/mx\/lodging-puerto-morelos\/\" \/>\n<meta property=\"og:site_name\" content=\"Pranik Kite Club\" \/>\n<meta property=\"article:modified_time\" content=\"2023-11-26T17:15:45+00:00\" \/>\n<meta property=\"og:image\" content=\"https:\/\/pranikiteclub.com\/wp-content\/uploads\/2023\/11\/7.jpg\" \/>\n<meta name=\"twitter:card\" content=\"summary_large_image\" \/>\n<meta name=\"twitter:label1\" content=\"Tiempo de lectura\" \/>\n\t<meta name=\"twitter:data1\" content=\"2 minutos\" \/>\n<script type=\"application\/ld+json\" class=\"yoast-schema-graph\">{\"@context\":\"https:\/\/schema.org\",\"@graph\":[{\"@type\":\"WebPage\",\"@id\":\"https:\/\/pranikiteclub.com\/lodging-puerto-morelos\/\",\"url\":\"https:\/\/pranikiteclub.com\/lodging-puerto-morelos\/\",\"name\":\"LODGING - PUERTO MORELOS - Pranik Kite Club\",\"isPartOf\":{\"@id\":\"https:\/\/pranikiteclub.com\/#website\"},\"primaryImageOfPage\":{\"@id\":\"https:\/\/pranikiteclub.com\/lodging-puerto-morelos\/#primaryimage\"},\"image\":{\"@id\":\"https:\/\/pranikiteclub.com\/lodging-puerto-morelos\/#primaryimage\"},\"thumbnailUrl\":\"https:\/\/pranikiteclub.com\/wp-content\/uploads\/2023\/11\/7.jpg\",\"datePublished\":\"2023-11-25T20:48:29+00:00\",\"dateModified\":\"2023-11-26T17:15:45+00:00\",\"breadcrumb\":{\"@id\":\"https:\/\/pranikiteclub.com\/lodging-puerto-morelos\/#breadcrumb\"},\"inLanguage\":\"es\",\"potentialAction\":[{\"@type\":\"ReadAction\",\"target\":[\"https:\/\/pranikiteclub.com\/lodging-puerto-morelos\/\"]}]},{\"@type\":\"ImageObject\",\"inLanguage\":\"es\",\"@id\":\"https:\/\/pranikiteclub.com\/lodging-puerto-morelos\/#primaryimage\",\"url\":\"https:\/\/pranikiteclub.com\/wp-content\/uploads\/2023\/11\/7.jpg\",\"contentUrl\":\"https:\/\/pranikiteclub.com\/wp-content\/uploads\/2023\/11\/7.jpg\"},{\"@type\":\"BreadcrumbList\",\"@id\":\"https:\/\/pranikiteclub.com\/lodging-puerto-morelos\/#breadcrumb\",\"itemListElement\":[{\"@type\":\"ListItem\",\"position\":1,\"name\":\"Home\",\"item\":\"https:\/\/pranikiteclub.com\/\"},{\"@type\":\"ListItem\",\"position\":2,\"name\":\"LODGING &#8211; PUERTO MORELOS\"}]},{\"@type\":\"WebSite\",\"@id\":\"https:\/\/pranikiteclub.com\/#website\",\"url\":\"https:\/\/pranikiteclub.com\/\",\"name\":\"Pranik Kite Club\",\"description\":\"\",\"publisher\":{\"@id\":\"https:\/\/pranikiteclub.com\/#organization\"},\"potentialAction\":[{\"@type\":\"SearchAction\",\"target\":{\"@type\":\"EntryPoint\",\"urlTemplate\":\"https:\/\/pranikiteclub.com\/?s={search_term_string}\"},\"query-input\":{\"@type\":\"PropertyValueSpecification\",\"valueRequired\":true,\"valueName\":\"search_term_string\"}}],\"inLanguage\":\"es\"},{\"@type\":\"Organization\",\"@id\":\"https:\/\/pranikiteclub.com\/#organization\",\"name\":\"Pranik Kite Club\",\"url\":\"https:\/\/pranikiteclub.com\/\",\"logo\":{\"@type\":\"ImageObject\",\"inLanguage\":\"es\",\"@id\":\"https:\/\/pranikiteclub.com\/#\/schema\/logo\/image\/\",\"url\":\"https:\/\/pranikiteclub.com\/wp-content\/uploads\/2023\/11\/fav.png\",\"contentUrl\":\"https:\/\/pranikiteclub.com\/wp-content\/uploads\/2023\/11\/fav.png\",\"width\":409,\"height\":443,\"caption\":\"Pranik Kite Club\"},\"image\":{\"@id\":\"https:\/\/pranikiteclub.com\/#\/schema\/logo\/image\/\"}}]}<\/script>\n<!-- \/ Yoast SEO Premium plugin. -->","yoast_head_json":{"title":"LODGING - PUERTO MORELOS - Pranik Kite Club","robots":{"index":"index","follow":"follow","max-snippet":"max-snippet:-1","max-image-preview":"max-image-preview:large","max-video-preview":"max-video-preview:-1"},"canonical":"https:\/\/pranikiteclub.com\/mx\/lodging-puerto-morelos\/","og_locale":"es_MX","og_type":"article","og_title":"LODGING - PUERTO MORELOS","og_description":"LODGING &#8211; PUERTO MORELOS There are plenty of options for lodging, take a dive in to the web and find the one you feel fits the most for you.\u00a0Here we share few of them we like. CONTACT US TO BOOK AMAR INN This is a small hotel family own, just aside the beach, where we [&hellip;]","og_url":"https:\/\/pranikiteclub.com\/mx\/lodging-puerto-morelos\/","og_site_name":"Pranik Kite Club","article_modified_time":"2023-11-26T17:15:45+00:00","og_image":[{"url":"https:\/\/pranikiteclub.com\/wp-content\/uploads\/2023\/11\/7.jpg","type":"","width":"","height":""}],"twitter_card":"summary_large_image","twitter_misc":{"Tiempo de lectura":"2 minutos"},"schema":{"@context":"https:\/\/schema.org","@graph":[{"@type":"WebPage","@id":"https:\/\/pranikiteclub.com\/lodging-puerto-morelos\/","url":"https:\/\/pranikiteclub.com\/lodging-puerto-morelos\/","name":"LODGING - PUERTO MORELOS - Pranik Kite Club","isPartOf":{"@id":"https:\/\/pranikiteclub.com\/#website"},"primaryImageOfPage":{"@id":"https:\/\/pranikiteclub.com\/lodging-puerto-morelos\/#primaryimage"},"image":{"@id":"https:\/\/pranikiteclub.com\/lodging-puerto-morelos\/#primaryimage"},"thumbnailUrl":"https:\/\/pranikiteclub.com\/wp-content\/uploads\/2023\/11\/7.jpg","datePublished":"2023-11-25T20:48:29+00:00","dateModified":"2023-11-26T17:15:45+00:00","breadcrumb":{"@id":"https:\/\/pranikiteclub.com\/lodging-puerto-morelos\/#breadcrumb"},"inLanguage":"es","potentialAction":[{"@type":"ReadAction","target":["https:\/\/pranikiteclub.com\/lodging-puerto-morelos\/"]}]},{"@type":"ImageObject","inLanguage":"es","@id":"https:\/\/pranikiteclub.com\/lodging-puerto-morelos\/#primaryimage","url":"https:\/\/pranikiteclub.com\/wp-content\/uploads\/2023\/11\/7.jpg","contentUrl":"https:\/\/pranikiteclub.com\/wp-content\/uploads\/2023\/11\/7.jpg"},{"@type":"BreadcrumbList","@id":"https:\/\/pranikiteclub.com\/lodging-puerto-morelos\/#breadcrumb","itemListElement":[{"@type":"ListItem","position":1,"name":"Home","item":"https:\/\/pranikiteclub.com\/"},{"@type":"ListItem","position":2,"name":"LODGING &#8211; PUERTO MORELOS"}]},{"@type":"WebSite","@id":"https:\/\/pranikiteclub.com\/#website","url":"https:\/\/pranikiteclub.com\/","name":"Pranik Kite Club","description":"","publisher":{"@id":"https:\/\/pranikiteclub.com\/#organization"},"potentialAction":[{"@type":"SearchAction","target":{"@type":"EntryPoint","urlTemplate":"https:\/\/pranikiteclub.com\/?s={search_term_string}"},"query-input":{"@type":"PropertyValueSpecification","valueRequired":true,"valueName":"search_term_string"}}],"inLanguage":"es"},{"@type":"Organization","@id":"https:\/\/pranikiteclub.com\/#organization","name":"Pranik Kite Club","url":"https:\/\/pranikiteclub.com\/","logo":{"@type":"ImageObject","inLanguage":"es","@id":"https:\/\/pranikiteclub.com\/#\/schema\/logo\/image\/","url":"https:\/\/pranikiteclub.com\/wp-content\/uploads\/2023\/11\/fav.png","contentUrl":"https:\/\/pranikiteclub.com\/wp-content\/uploads\/2023\/11\/fav.png","width":409,"height":443,"caption":"Pranik Kite Club"},"image":{"@id":"https:\/\/pranikiteclub.com\/#\/schema\/logo\/image\/"}}]}},"_links":{"self":[{"href":"https:\/\/pranikiteclub.com\/mx\/wp-json\/wp\/v2\/pages\/661","targetHints":{"allow":["GET"]}}],"collection":[{"href":"https:\/\/pranikiteclub.com\/mx\/wp-json\/wp\/v2\/pages"}],"about":[{"href":"https:\/\/pranikiteclub.com\/mx\/wp-json\/wp\/v2\/types\/page"}],"author":[{"embeddable":true,"href":"https:\/\/pranikiteclub.com\/mx\/wp-json\/wp\/v2\/users\/1"}],"replies":[{"embeddable":true,"href":"https:\/\/pranikiteclub.com\/mx\/wp-json\/wp\/v2\/comments?post=661"}],"version-history":[{"count":10,"href":"https:\/\/pranikiteclub.com\/mx\/wp-json\/wp\/v2\/pages\/661\/revisions"}],"predecessor-version":[{"id":725,"href":"https:\/\/pranikiteclub.com\/mx\/wp-json\/wp\/v2\/pages\/661\/revisions\/725"}],"wp:attachment":[{"href":"https:\/\/pranikiteclub.com\/mx\/wp-json\/wp\/v2\/media?parent=661"}],"curies":[{"name":"wp","href":"https:\/\/api.w.org\/{rel}","templated":true}]}}