{"id":642,"date":"2023-11-25T21:42:47","date_gmt":"2023-11-25T20:42:47","guid":{"rendered":"https:\/\/pranikiteclub.com\/?page_id=642"},"modified":"2026-02-26T00:13:01","modified_gmt":"2026-02-25T23:13:01","slug":"kite-roadtrips-yucatan","status":"publish","type":"page","link":"https:\/\/pranikiteclub.com\/mx\/kite-roadtrips-yucatan\/","title":{"rendered":"KITE ROAD TRIP YUCAT\u00c1N"},"content":{"rendered":"<div data-elementor-type=\"wp-page\" data-elementor-id=\"642\" class=\"elementor elementor-642\" data-elementor-post-type=\"page\">\n\t\t\t\t<div class=\"elementor-element elementor-element-c5b4791 e-flex e-con-boxed e-con e-parent\" data-id=\"c5b4791\" data-element_type=\"container\">\n\t\t\t\t\t<div class=\"e-con-inner\">\n\t\t\t\t<div class=\"elementor-element elementor-element-5abe0f0 elementor-widget elementor-widget-heading\" data-id=\"5abe0f0\" data-element_type=\"widget\" data-widget_type=\"heading.default\">\n\t\t\t\t<div class=\"elementor-widget-container\">\n\t\t\t\t\t<h2 class=\"elementor-heading-title elementor-size-default\">KITE ROAD TRIP YUCAT\u00c1N\n<\/h2>\t\t\t\t<\/div>\n\t\t\t\t<\/div>\n\t\t\t\t<div class=\"elementor-element elementor-element-f57a5f3 elementor-widget elementor-widget-text-editor\" data-id=\"f57a5f3\" data-element_type=\"widget\" data-widget_type=\"text-editor.default\">\n\t\t\t\t<div class=\"elementor-widget-container\">\n\t\t\t\t\t\t\t\t\t<div id=\"A9Z9K9JEkHoH9ACq\" class=\"LongText pbEdit\" data-type=\"LongText\">\u00a1Descubre con nosotros los lugares ocultos y no ocultos para practicar kitesurf en la Pen\u00ednsula de Yucat\u00e1n!<\/div>\t\t\t\t\t\t\t\t<\/div>\n\t\t\t\t<\/div>\n\t\t\t\t<div class=\"elementor-element elementor-element-a2b893d elementor-widget elementor-widget-image\" data-id=\"a2b893d\" data-element_type=\"widget\" data-widget_type=\"image.default\">\n\t\t\t\t<div class=\"elementor-widget-container\">\n\t\t\t\t\t\t\t\t\t\t\t\t\t\t\t<img decoding=\"async\" src=\"https:\/\/pranikiteclub.com\/wp-content\/uploads\/2026\/02\/pkc-map-25feb.png\" title=\"\" alt=\"\" loading=\"lazy\" \/>\t\t\t\t\t\t\t\t\t\t\t\t\t\t\t<\/div>\n\t\t\t\t<\/div>\n\t\t\t\t<div class=\"elementor-element elementor-element-99ee53e elementor-widget elementor-widget-text-editor\" data-id=\"99ee53e\" data-element_type=\"widget\" data-widget_type=\"text-editor.default\">\n\t\t\t\t<div class=\"elementor-widget-container\">\n\t\t\t\t\t\t\t\t\t<div id=\"A9Z9K9JEkHoH9ACq\" class=\"LongText pbEdit\" data-type=\"LongText\">Con alrededor de 600 km de costa, alimentada por dos mares: el Caribe y el Golfo de M\u00e9xico, con una constante temporada de vientos a lo largo de toda la costa, una segunda barrera de arrecifes m\u00e1s grande, arqueolog\u00eda ancestral, cuevas de agua subterr\u00e1nea, peque\u00f1os pueblos aut\u00e9nticos donde todav\u00eda hablan. En maya, una vasta selva hogar del mono ara\u00f1a, jaguar, venado, cerdo salvaje y una infinita variedad de aves, hace de esta zona una zona natural y culturalmente abundante.<br \/>Tambi\u00e9n en el lado caribe\u00f1o hay un mega desarrollo tur\u00edstico a lo largo de la costa con todo tipo de hoteles y albergues elegantes para diferentes tipos de presupuestos y preferencias.<br \/>La hermosa ciudad de M\u00e9rida, bastante rica en cultura, gastronom\u00eda y arquitectura, es la capital del estado de Yucat\u00e1n.<br \/>El estado de Yucat\u00e1n se posiciona como el estado m\u00e1s seguro de M\u00e9xico.<br \/>Entonces, \u00a1d\u00e9janos llevarte a una aventura kiter por estos incre\u00edbles lugares!<\/div>\t\t\t\t\t\t\t\t<\/div>\n\t\t\t\t<\/div>\n\t\t\t\t<div class=\"elementor-element elementor-element-5628166 elementor-align-center elementor-widget elementor-widget-button\" data-id=\"5628166\" data-element_type=\"widget\" data-widget_type=\"button.default\">\n\t\t\t\t<div class=\"elementor-widget-container\">\n\t\t\t\t\t\t\t\t\t<div class=\"elementor-button-wrapper\">\n\t\t\t\t\t<a class=\"elementor-button elementor-button-link elementor-size-sm elementor-animation-bob\" href=\"https:\/\/pranikiteclub.com\/mx\/contact-us\/\">\n\t\t\t\t\t\t<span class=\"elementor-button-content-wrapper\">\n\t\t\t\t\t\t\t\t\t<span class=\"elementor-button-text\">CONT\u00c1CTANOS PARA RESERVAR<\/span>\n\t\t\t\t\t<\/span>\n\t\t\t\t\t<\/a>\n\t\t\t\t<\/div>\n\t\t\t\t\t\t\t\t<\/div>\n\t\t\t\t<\/div>\n\t\t\t\t<div class=\"elementor-element elementor-element-3f7fa07 elementor-widget elementor-widget-html\" data-id=\"3f7fa07\" data-element_type=\"widget\" data-widget_type=\"html.default\">\n\t\t\t\t<div class=\"elementor-widget-container\">\n\t\t\t\t\t<div style=\"padding:51.04% 0 0 0;position:relative;\"><iframe src=\"https:\/\/player.vimeo.com\/video\/540171574?h=f185e61f0c\" style=\"position:absolute;top:0;left:0;width:100%;height:100%;\" frameborder=\"0\" allow=\"autoplay; fullscreen; picture-in-picture\" allowfullscreen><\/iframe><\/div><script src=\"https:\/\/player.vimeo.com\/api\/player.js\"><\/script>\t\t\t\t<\/div>\n\t\t\t\t<\/div>\n\t\t\t\t<div class=\"elementor-element elementor-element-9b7e11d elementor-widget elementor-widget-gallery\" data-id=\"9b7e11d\" data-element_type=\"widget\" data-settings=\"{&quot;columns&quot;:2,&quot;gap&quot;:{&quot;unit&quot;:&quot;px&quot;,&quot;size&quot;:0,&quot;sizes&quot;:[]},&quot;lazyload&quot;:&quot;yes&quot;,&quot;gallery_layout&quot;:&quot;grid&quot;,&quot;columns_tablet&quot;:2,&quot;columns_mobile&quot;:1,&quot;gap_tablet&quot;:{&quot;unit&quot;:&quot;px&quot;,&quot;size&quot;:10,&quot;sizes&quot;:[]},&quot;gap_mobile&quot;:{&quot;unit&quot;:&quot;px&quot;,&quot;size&quot;:10,&quot;sizes&quot;:[]},&quot;link_to&quot;:&quot;file&quot;,&quot;aspect_ratio&quot;:&quot;3:2&quot;,&quot;overlay_background&quot;:&quot;yes&quot;,&quot;content_hover_animation&quot;:&quot;fade-in&quot;}\" data-widget_type=\"gallery.default\">\n\t\t\t\t<div class=\"elementor-widget-container\">\n\t\t\t\t\t\t\t<div class=\"elementor-gallery__container\">\n\t\t\t\t\t\t\t<a class=\"e-gallery-item elementor-gallery-item elementor-animated-content\" href=\"https:\/\/pranikiteclub.com\/wp-content\/uploads\/2023\/11\/w1000-a2154jsryGM1ec7-1.jpg\" data-elementor-open-lightbox=\"yes\" data-elementor-lightbox-slideshow=\"9b7e11d\" data-elementor-lightbox-title=\"w1000-a2154jsryGM1ec7 (1)\" data-e-action-hash=\"#elementor-action%3Aaction%3Dlightbox%26settings%3DeyJpZCI6NjQ5LCJ1cmwiOiJodHRwczpcL1wvcHJhbmlraXRlY2x1Yi5jb21cL3dwLWNvbnRlbnRcL3VwbG9hZHNcLzIwMjNcLzExXC93MTAwMC1hMjE1NGpzcnlHTTFlYzctMS5qcGciLCJzbGlkZXNob3ciOiI5YjdlMTFkIn0%3D\">\n\t\t\t\t\t<div class=\"e-gallery-image elementor-gallery-item__image\" data-thumbnail=\"https:\/\/pranikiteclub.com\/wp-content\/uploads\/2023\/11\/w1000-a2154jsryGM1ec7-1.jpg\" data-width=\"1400\" data-height=\"787\" aria-label=\"\" role=\"img\" ><\/div>\n\t\t\t\t\t\t\t\t\t\t\t<div class=\"elementor-gallery-item__overlay\"><\/div>\n\t\t\t\t\t\t\t\t\t\t\t\t\t\t<\/a>\n\t\t\t\t\t\t\t<a class=\"e-gallery-item elementor-gallery-item elementor-animated-content\" href=\"https:\/\/pranikiteclub.com\/wp-content\/uploads\/2023\/11\/w1000-c21111bMyV8pWorR.jpg\" data-elementor-open-lightbox=\"yes\" data-elementor-lightbox-slideshow=\"9b7e11d\" data-elementor-lightbox-title=\"w1000-c21111bMyV8pWorR\" data-e-action-hash=\"#elementor-action%3Aaction%3Dlightbox%26settings%3DeyJpZCI6NjUwLCJ1cmwiOiJodHRwczpcL1wvcHJhbmlraXRlY2x1Yi5jb21cL3dwLWNvbnRlbnRcL3VwbG9hZHNcLzIwMjNcLzExXC93MTAwMC1jMjExMTFiTXlWOHBXb3JSLmpwZyIsInNsaWRlc2hvdyI6IjliN2UxMWQifQ%3D%3D\">\n\t\t\t\t\t<div class=\"e-gallery-image elementor-gallery-item__image\" data-thumbnail=\"https:\/\/pranikiteclub.com\/wp-content\/uploads\/2023\/11\/w1000-c21111bMyV8pWorR.jpg\" data-width=\"1400\" data-height=\"786\" aria-label=\"\" role=\"img\" ><\/div>\n\t\t\t\t\t\t\t\t\t\t\t<div class=\"elementor-gallery-item__overlay\"><\/div>\n\t\t\t\t\t\t\t\t\t\t\t\t\t\t<\/a>\n\t\t\t\t\t\t\t<a class=\"e-gallery-item elementor-gallery-item elementor-animated-content\" href=\"https:\/\/pranikiteclub.com\/wp-content\/uploads\/2023\/11\/w1000-c21111LX8DlvVUbb.jpg\" data-elementor-open-lightbox=\"yes\" data-elementor-lightbox-slideshow=\"9b7e11d\" data-elementor-lightbox-title=\"w1000-c21111LX8DlvVUbb\" data-e-action-hash=\"#elementor-action%3Aaction%3Dlightbox%26settings%3DeyJpZCI6NjUyLCJ1cmwiOiJodHRwczpcL1wvcHJhbmlraXRlY2x1Yi5jb21cL3dwLWNvbnRlbnRcL3VwbG9hZHNcLzIwMjNcLzExXC93MTAwMC1jMjExMTFMWDhEbHZWVWJiLmpwZyIsInNsaWRlc2hvdyI6IjliN2UxMWQifQ%3D%3D\">\n\t\t\t\t\t<div class=\"e-gallery-image elementor-gallery-item__image\" data-thumbnail=\"https:\/\/pranikiteclub.com\/wp-content\/uploads\/2023\/11\/w1000-c21111LX8DlvVUbb.jpg\" data-width=\"1400\" data-height=\"788\" aria-label=\"\" role=\"img\" ><\/div>\n\t\t\t\t\t\t\t\t\t\t\t<div class=\"elementor-gallery-item__overlay\"><\/div>\n\t\t\t\t\t\t\t\t\t\t\t\t\t\t<\/a>\n\t\t\t\t\t\t\t<a class=\"e-gallery-item elementor-gallery-item elementor-animated-content\" href=\"https:\/\/pranikiteclub.com\/wp-content\/uploads\/2023\/11\/w1000-g21111FPGFV9PiGj.jpg\" data-elementor-open-lightbox=\"yes\" data-elementor-lightbox-slideshow=\"9b7e11d\" data-elementor-lightbox-title=\"w1000-g21111FPGFV9PiGj\" data-e-action-hash=\"#elementor-action%3Aaction%3Dlightbox%26settings%3DeyJpZCI6NjUzLCJ1cmwiOiJodHRwczpcL1wvcHJhbmlraXRlY2x1Yi5jb21cL3dwLWNvbnRlbnRcL3VwbG9hZHNcLzIwMjNcLzExXC93MTAwMC1nMjExMTFGUEdGVjlQaUdqLmpwZyIsInNsaWRlc2hvdyI6IjliN2UxMWQifQ%3D%3D\">\n\t\t\t\t\t<div class=\"e-gallery-image elementor-gallery-item__image\" data-thumbnail=\"https:\/\/pranikiteclub.com\/wp-content\/uploads\/2023\/11\/w1000-g21111FPGFV9PiGj.jpg\" data-width=\"1400\" data-height=\"788\" aria-label=\"\" role=\"img\" ><\/div>\n\t\t\t\t\t\t\t\t\t\t\t<div class=\"elementor-gallery-item__overlay\"><\/div>\n\t\t\t\t\t\t\t\t\t\t\t\t\t\t<\/a>\n\t\t\t\t\t\t\t<a class=\"e-gallery-item elementor-gallery-item elementor-animated-content\" href=\"https:\/\/pranikiteclub.com\/wp-content\/uploads\/2023\/11\/w1000-s2128Au8L793A6a.jpg\" data-elementor-open-lightbox=\"yes\" data-elementor-lightbox-slideshow=\"9b7e11d\" data-elementor-lightbox-title=\"w1000-s2128Au8L793A6a\" data-e-action-hash=\"#elementor-action%3Aaction%3Dlightbox%26settings%3DeyJpZCI6NjU0LCJ1cmwiOiJodHRwczpcL1wvcHJhbmlraXRlY2x1Yi5jb21cL3dwLWNvbnRlbnRcL3VwbG9hZHNcLzIwMjNcLzExXC93MTAwMC1zMjEyOEF1OEw3OTNBNmEuanBnIiwic2xpZGVzaG93IjoiOWI3ZTExZCJ9\">\n\t\t\t\t\t<div class=\"e-gallery-image elementor-gallery-item__image\" data-thumbnail=\"https:\/\/pranikiteclub.com\/wp-content\/uploads\/2023\/11\/w1000-s2128Au8L793A6a.jpg\" data-width=\"1400\" data-height=\"786\" aria-label=\"\" role=\"img\" ><\/div>\n\t\t\t\t\t\t\t\t\t\t\t<div class=\"elementor-gallery-item__overlay\"><\/div>\n\t\t\t\t\t\t\t\t\t\t\t\t\t\t<\/a>\n\t\t\t\t\t\t\t<a class=\"e-gallery-item elementor-gallery-item elementor-animated-content\" href=\"https:\/\/pranikiteclub.com\/wp-content\/uploads\/2023\/11\/w1000-t21111tfoXH6Ijw4.jpg\" data-elementor-open-lightbox=\"yes\" data-elementor-lightbox-slideshow=\"9b7e11d\" data-elementor-lightbox-title=\"w1000-t21111tfoXH6Ijw4\" data-e-action-hash=\"#elementor-action%3Aaction%3Dlightbox%26settings%3DeyJpZCI6NjU1LCJ1cmwiOiJodHRwczpcL1wvcHJhbmlraXRlY2x1Yi5jb21cL3dwLWNvbnRlbnRcL3VwbG9hZHNcLzIwMjNcLzExXC93MTAwMC10MjExMTF0Zm9YSDZJanc0LmpwZyIsInNsaWRlc2hvdyI6IjliN2UxMWQifQ%3D%3D\">\n\t\t\t\t\t<div class=\"e-gallery-image elementor-gallery-item__image\" data-thumbnail=\"https:\/\/pranikiteclub.com\/wp-content\/uploads\/2023\/11\/w1000-t21111tfoXH6Ijw4.jpg\" data-width=\"1400\" data-height=\"788\" aria-label=\"\" role=\"img\" ><\/div>\n\t\t\t\t\t\t\t\t\t\t\t<div class=\"elementor-gallery-item__overlay\"><\/div>\n\t\t\t\t\t\t\t\t\t\t\t\t\t\t<\/a>\n\t\t\t\t\t\t\t<a class=\"e-gallery-item elementor-gallery-item elementor-animated-content\" href=\"https:\/\/pranikiteclub.com\/wp-content\/uploads\/2023\/11\/w1000-w21111AENsgpvaOs.jpg\" data-elementor-open-lightbox=\"yes\" data-elementor-lightbox-slideshow=\"9b7e11d\" data-elementor-lightbox-title=\"w1000-w21111AENsgpvaOs\" data-e-action-hash=\"#elementor-action%3Aaction%3Dlightbox%26settings%3DeyJpZCI6NjU2LCJ1cmwiOiJodHRwczpcL1wvcHJhbmlraXRlY2x1Yi5jb21cL3dwLWNvbnRlbnRcL3VwbG9hZHNcLzIwMjNcLzExXC93MTAwMC13MjExMTFBRU5zZ3B2YU9zLmpwZyIsInNsaWRlc2hvdyI6IjliN2UxMWQifQ%3D%3D\">\n\t\t\t\t\t<div class=\"e-gallery-image elementor-gallery-item__image\" data-thumbnail=\"https:\/\/pranikiteclub.com\/wp-content\/uploads\/2023\/11\/w1000-w21111AENsgpvaOs.jpg\" data-width=\"1400\" data-height=\"788\" aria-label=\"\" role=\"img\" ><\/div>\n\t\t\t\t\t\t\t\t\t\t\t<div class=\"elementor-gallery-item__overlay\"><\/div>\n\t\t\t\t\t\t\t\t\t\t\t\t\t\t<\/a>\n\t\t\t\t\t\t\t<a class=\"e-gallery-item elementor-gallery-item elementor-animated-content\" href=\"https:\/\/pranikiteclub.com\/wp-content\/uploads\/2023\/11\/w1000-n2128R5ztMtwtRc.jpg\" data-elementor-open-lightbox=\"yes\" data-elementor-lightbox-slideshow=\"9b7e11d\" data-elementor-lightbox-title=\"w1000-n2128R5ztMtwtRc\" data-e-action-hash=\"#elementor-action%3Aaction%3Dlightbox%26settings%3DeyJpZCI6NjU3LCJ1cmwiOiJodHRwczpcL1wvcHJhbmlraXRlY2x1Yi5jb21cL3dwLWNvbnRlbnRcL3VwbG9hZHNcLzIwMjNcLzExXC93MTAwMC1uMjEyOFI1enRNdHd0UmMuanBnIiwic2xpZGVzaG93IjoiOWI3ZTExZCJ9\">\n\t\t\t\t\t<div class=\"e-gallery-image elementor-gallery-item__image\" data-thumbnail=\"https:\/\/pranikiteclub.com\/wp-content\/uploads\/2023\/11\/w1000-n2128R5ztMtwtRc.jpg\" data-width=\"1400\" data-height=\"788\" aria-label=\"\" role=\"img\" ><\/div>\n\t\t\t\t\t\t\t\t\t\t\t<div class=\"elementor-gallery-item__overlay\"><\/div>\n\t\t\t\t\t\t\t\t\t\t\t\t\t\t<\/a>\n\t\t\t\t\t<\/div>\n\t\t\t\t\t<\/div>\n\t\t\t\t<\/div>\n\t\t\t\t\t<\/div>\n\t\t\t\t<\/div>\n\t\t\t\t<\/div>","protected":false},"excerpt":{"rendered":"<p>KITE ROADTRIPS YUCATAN Discover the Yucatan Peninsula\u00b4s hidden and unhidden kite spots with us! With around 600 km of coast, fed by two seas: Caribbean and Gulf of Mexico\u00b4s, with a consistent windy season all along the coast, a second largest reef barrier, ancestral archaeology, underground water caves, little authentic villages where they still speak [&hellip;]<\/p>","protected":false},"author":1,"featured_media":0,"parent":0,"menu_order":0,"comment_status":"closed","ping_status":"closed","template":"","meta":{"content-type":"","footnotes":""},"class_list":["post-642","page","type-page","status-publish","hentry"],"yoast_head":"<!-- This site is optimized with the Yoast SEO Premium plugin v21.5 (Yoast SEO v26.7) - https:\/\/yoast.com\/wordpress\/plugins\/seo\/ -->\n<title>KITE ROADTRIPS YUCATAN - Pranik Kite Club<\/title>\n<meta name=\"robots\" content=\"index, follow, max-snippet:-1, max-image-preview:large, max-video-preview:-1\" \/>\n<link rel=\"canonical\" href=\"https:\/\/pranikiteclub.com\/mx\/kite-roadtrips-yucatan\/\" \/>\n<meta property=\"og:locale\" content=\"es_MX\" \/>\n<meta property=\"og:type\" content=\"article\" \/>\n<meta property=\"og:title\" content=\"KITE ROADTRIPS YUCATAN\" \/>\n<meta property=\"og:description\" content=\"KITE ROADTRIPS YUCATAN Discover the Yucatan Peninsula\u00b4s hidden and unhidden kite spots with us! With around 600 km of coast, fed by two seas: Caribbean and Gulf of Mexico\u00b4s, with a consistent windy season all along the coast, a second largest reef barrier, ancestral archaeology, underground water caves, little authentic villages where they still speak [&hellip;]\" \/>\n<meta property=\"og:url\" content=\"https:\/\/pranikiteclub.com\/mx\/kite-roadtrips-yucatan\/\" \/>\n<meta property=\"og:site_name\" content=\"Pranik Kite Club\" \/>\n<meta property=\"article:modified_time\" content=\"2026-02-25T23:13:01+00:00\" \/>\n<meta property=\"og:image\" content=\"https:\/\/pranikiteclub.com\/wp-content\/uploads\/2026\/02\/pkc-map-25feb.png\" \/>\n<meta name=\"twitter:card\" content=\"summary_large_image\" \/>\n<meta name=\"twitter:label1\" content=\"Tiempo de lectura\" \/>\n\t<meta name=\"twitter:data1\" content=\"1 minuto\" \/>\n<script type=\"application\/ld+json\" class=\"yoast-schema-graph\">{\"@context\":\"https:\/\/schema.org\",\"@graph\":[{\"@type\":\"WebPage\",\"@id\":\"https:\/\/pranikiteclub.com\/kite-roadtrips-yucatan\/\",\"url\":\"https:\/\/pranikiteclub.com\/kite-roadtrips-yucatan\/\",\"name\":\"KITE ROADTRIPS YUCATAN - Pranik Kite Club\",\"isPartOf\":{\"@id\":\"https:\/\/pranikiteclub.com\/#website\"},\"primaryImageOfPage\":{\"@id\":\"https:\/\/pranikiteclub.com\/kite-roadtrips-yucatan\/#primaryimage\"},\"image\":{\"@id\":\"https:\/\/pranikiteclub.com\/kite-roadtrips-yucatan\/#primaryimage\"},\"thumbnailUrl\":\"https:\/\/pranikiteclub.com\/wp-content\/uploads\/2026\/02\/pkc-map-25feb.png\",\"datePublished\":\"2023-11-25T20:42:47+00:00\",\"dateModified\":\"2026-02-25T23:13:01+00:00\",\"breadcrumb\":{\"@id\":\"https:\/\/pranikiteclub.com\/kite-roadtrips-yucatan\/#breadcrumb\"},\"inLanguage\":\"es\",\"potentialAction\":[{\"@type\":\"ReadAction\",\"target\":[\"https:\/\/pranikiteclub.com\/kite-roadtrips-yucatan\/\"]}]},{\"@type\":\"ImageObject\",\"inLanguage\":\"es\",\"@id\":\"https:\/\/pranikiteclub.com\/kite-roadtrips-yucatan\/#primaryimage\",\"url\":\"https:\/\/pranikiteclub.com\/wp-content\/uploads\/2026\/02\/pkc-map-25feb.png\",\"contentUrl\":\"https:\/\/pranikiteclub.com\/wp-content\/uploads\/2026\/02\/pkc-map-25feb.png\"},{\"@type\":\"BreadcrumbList\",\"@id\":\"https:\/\/pranikiteclub.com\/kite-roadtrips-yucatan\/#breadcrumb\",\"itemListElement\":[{\"@type\":\"ListItem\",\"position\":1,\"name\":\"Home\",\"item\":\"https:\/\/pranikiteclub.com\/\"},{\"@type\":\"ListItem\",\"position\":2,\"name\":\"KITE ROADTRIPS YUCATAN\"}]},{\"@type\":\"WebSite\",\"@id\":\"https:\/\/pranikiteclub.com\/#website\",\"url\":\"https:\/\/pranikiteclub.com\/\",\"name\":\"Pranik Kite Club\",\"description\":\"\",\"publisher\":{\"@id\":\"https:\/\/pranikiteclub.com\/#organization\"},\"potentialAction\":[{\"@type\":\"SearchAction\",\"target\":{\"@type\":\"EntryPoint\",\"urlTemplate\":\"https:\/\/pranikiteclub.com\/?s={search_term_string}\"},\"query-input\":{\"@type\":\"PropertyValueSpecification\",\"valueRequired\":true,\"valueName\":\"search_term_string\"}}],\"inLanguage\":\"es\"},{\"@type\":\"Organization\",\"@id\":\"https:\/\/pranikiteclub.com\/#organization\",\"name\":\"Pranik Kite Club\",\"url\":\"https:\/\/pranikiteclub.com\/\",\"logo\":{\"@type\":\"ImageObject\",\"inLanguage\":\"es\",\"@id\":\"https:\/\/pranikiteclub.com\/#\/schema\/logo\/image\/\",\"url\":\"https:\/\/pranikiteclub.com\/wp-content\/uploads\/2023\/11\/fav.png\",\"contentUrl\":\"https:\/\/pranikiteclub.com\/wp-content\/uploads\/2023\/11\/fav.png\",\"width\":409,\"height\":443,\"caption\":\"Pranik Kite Club\"},\"image\":{\"@id\":\"https:\/\/pranikiteclub.com\/#\/schema\/logo\/image\/\"}}]}<\/script>\n<!-- \/ Yoast SEO Premium plugin. -->","yoast_head_json":{"title":"KITE ROADTRIPS YUCATAN - Pranik Kite Club","robots":{"index":"index","follow":"follow","max-snippet":"max-snippet:-1","max-image-preview":"max-image-preview:large","max-video-preview":"max-video-preview:-1"},"canonical":"https:\/\/pranikiteclub.com\/mx\/kite-roadtrips-yucatan\/","og_locale":"es_MX","og_type":"article","og_title":"KITE ROADTRIPS YUCATAN","og_description":"KITE ROADTRIPS YUCATAN Discover the Yucatan Peninsula\u00b4s hidden and unhidden kite spots with us! With around 600 km of coast, fed by two seas: Caribbean and Gulf of Mexico\u00b4s, with a consistent windy season all along the coast, a second largest reef barrier, ancestral archaeology, underground water caves, little authentic villages where they still speak [&hellip;]","og_url":"https:\/\/pranikiteclub.com\/mx\/kite-roadtrips-yucatan\/","og_site_name":"Pranik Kite Club","article_modified_time":"2026-02-25T23:13:01+00:00","og_image":[{"url":"https:\/\/pranikiteclub.com\/wp-content\/uploads\/2026\/02\/pkc-map-25feb.png","type":"","width":"","height":""}],"twitter_card":"summary_large_image","twitter_misc":{"Tiempo de lectura":"1 minuto"},"schema":{"@context":"https:\/\/schema.org","@graph":[{"@type":"WebPage","@id":"https:\/\/pranikiteclub.com\/kite-roadtrips-yucatan\/","url":"https:\/\/pranikiteclub.com\/kite-roadtrips-yucatan\/","name":"KITE ROADTRIPS YUCATAN - Pranik Kite Club","isPartOf":{"@id":"https:\/\/pranikiteclub.com\/#website"},"primaryImageOfPage":{"@id":"https:\/\/pranikiteclub.com\/kite-roadtrips-yucatan\/#primaryimage"},"image":{"@id":"https:\/\/pranikiteclub.com\/kite-roadtrips-yucatan\/#primaryimage"},"thumbnailUrl":"https:\/\/pranikiteclub.com\/wp-content\/uploads\/2026\/02\/pkc-map-25feb.png","datePublished":"2023-11-25T20:42:47+00:00","dateModified":"2026-02-25T23:13:01+00:00","breadcrumb":{"@id":"https:\/\/pranikiteclub.com\/kite-roadtrips-yucatan\/#breadcrumb"},"inLanguage":"es","potentialAction":[{"@type":"ReadAction","target":["https:\/\/pranikiteclub.com\/kite-roadtrips-yucatan\/"]}]},{"@type":"ImageObject","inLanguage":"es","@id":"https:\/\/pranikiteclub.com\/kite-roadtrips-yucatan\/#primaryimage","url":"https:\/\/pranikiteclub.com\/wp-content\/uploads\/2026\/02\/pkc-map-25feb.png","contentUrl":"https:\/\/pranikiteclub.com\/wp-content\/uploads\/2026\/02\/pkc-map-25feb.png"},{"@type":"BreadcrumbList","@id":"https:\/\/pranikiteclub.com\/kite-roadtrips-yucatan\/#breadcrumb","itemListElement":[{"@type":"ListItem","position":1,"name":"Home","item":"https:\/\/pranikiteclub.com\/"},{"@type":"ListItem","position":2,"name":"KITE ROADTRIPS YUCATAN"}]},{"@type":"WebSite","@id":"https:\/\/pranikiteclub.com\/#website","url":"https:\/\/pranikiteclub.com\/","name":"Pranik Kite Club","description":"","publisher":{"@id":"https:\/\/pranikiteclub.com\/#organization"},"potentialAction":[{"@type":"SearchAction","target":{"@type":"EntryPoint","urlTemplate":"https:\/\/pranikiteclub.com\/?s={search_term_string}"},"query-input":{"@type":"PropertyValueSpecification","valueRequired":true,"valueName":"search_term_string"}}],"inLanguage":"es"},{"@type":"Organization","@id":"https:\/\/pranikiteclub.com\/#organization","name":"Pranik Kite Club","url":"https:\/\/pranikiteclub.com\/","logo":{"@type":"ImageObject","inLanguage":"es","@id":"https:\/\/pranikiteclub.com\/#\/schema\/logo\/image\/","url":"https:\/\/pranikiteclub.com\/wp-content\/uploads\/2023\/11\/fav.png","contentUrl":"https:\/\/pranikiteclub.com\/wp-content\/uploads\/2023\/11\/fav.png","width":409,"height":443,"caption":"Pranik Kite Club"},"image":{"@id":"https:\/\/pranikiteclub.com\/#\/schema\/logo\/image\/"}}]}},"_links":{"self":[{"href":"https:\/\/pranikiteclub.com\/mx\/wp-json\/wp\/v2\/pages\/642","targetHints":{"allow":["GET"]}}],"collection":[{"href":"https:\/\/pranikiteclub.com\/mx\/wp-json\/wp\/v2\/pages"}],"about":[{"href":"https:\/\/pranikiteclub.com\/mx\/wp-json\/wp\/v2\/types\/page"}],"author":[{"embeddable":true,"href":"https:\/\/pranikiteclub.com\/mx\/wp-json\/wp\/v2\/users\/1"}],"replies":[{"embeddable":true,"href":"https:\/\/pranikiteclub.com\/mx\/wp-json\/wp\/v2\/comments?post=642"}],"version-history":[{"count":13,"href":"https:\/\/pranikiteclub.com\/mx\/wp-json\/wp\/v2\/pages\/642\/revisions"}],"predecessor-version":[{"id":3157,"href":"https:\/\/pranikiteclub.com\/mx\/wp-json\/wp\/v2\/pages\/642\/revisions\/3157"}],"wp:attachment":[{"href":"https:\/\/pranikiteclub.com\/mx\/wp-json\/wp\/v2\/media?parent=642"}],"curies":[{"name":"wp","href":"https:\/\/api.w.org\/{rel}","templated":true}]}}