{"id":476,"date":"2023-10-13T18:39:36","date_gmt":"2023-10-13T16:39:36","guid":{"rendered":"https:\/\/pranikiteclub.com\/?page_id=476"},"modified":"2023-10-13T19:13:06","modified_gmt":"2023-10-13T17:13:06","slug":"shop-pranik","status":"publish","type":"page","link":"https:\/\/pranikiteclub.com\/mx\/shop-pranik\/","title":{"rendered":"Shop Pranik"},"content":{"rendered":"<div data-elementor-type=\"wp-page\" data-elementor-id=\"476\" class=\"elementor elementor-476\" data-elementor-post-type=\"page\">\n\t\t\t\t<div class=\"elementor-element elementor-element-48cb046 e-flex e-con-boxed e-con e-parent\" data-id=\"48cb046\" data-element_type=\"container\">\n\t\t\t\t\t<div class=\"e-con-inner\">\n\t\t\t\t<div class=\"elementor-element elementor-element-022088b elementor-widget-divider--view-line elementor-widget elementor-widget-divider\" data-id=\"022088b\" data-element_type=\"widget\" data-widget_type=\"divider.default\">\n\t\t\t\t<div class=\"elementor-widget-container\">\n\t\t\t\t\t\t\t<div class=\"elementor-divider\">\n\t\t\t<span class=\"elementor-divider-separator\">\n\t\t\t\t\t\t<\/span>\n\t\t<\/div>\n\t\t\t\t\t\t<\/div>\n\t\t\t\t<\/div>\n\t\t\t\t<div class=\"elementor-element elementor-element-4ac6e20 elementor-widget elementor-widget-heading\" data-id=\"4ac6e20\" data-element_type=\"widget\" data-widget_type=\"heading.default\">\n\t\t\t\t<div class=\"elementor-widget-container\">\n\t\t\t\t\t<h2 class=\"elementor-heading-title elementor-size-default\">TIENDA<\/h2>\t\t\t\t<\/div>\n\t\t\t\t<\/div>\n\t\t\t\t<div class=\"elementor-element elementor-element-9d23744 elementor-widget elementor-widget-text-editor\" data-id=\"9d23744\" data-element_type=\"widget\" data-widget_type=\"text-editor.default\">\n\t\t\t\t<div class=\"elementor-widget-container\">\n\t\t\t\t\t\t\t\t\t<p>Welcome!<br \/>Somos distribuidores oficiales de la marca F-One, as\u00ed que considere nuestras ofertas especiales.<br \/>We also work with specific models we like the most from the main brands.<br \/>Todos los art\u00edculos de esta p\u00e1gina est\u00e1n disponibles para la venta.<br \/>Haga clic en un elemento para ver los detalles.<\/p>\t\t\t\t\t\t\t\t<\/div>\n\t\t\t\t<\/div>\n\t\t\t\t<div class=\"elementor-element elementor-element-7088901 elementor-grid-3 elementor-grid-tablet-3 elementor-grid-mobile-2 elementor-products-grid elementor-wc-products elementor-show-pagination-border-yes elementor-widget elementor-widget-woocommerce-products\" data-id=\"7088901\" data-element_type=\"widget\" data-widget_type=\"woocommerce-products.default\">\n\t\t\t\t<div class=\"elementor-widget-container\">\n\t\t\t\t\t<div class=\"woocommerce columns-3\"><div class=\"woocommerce-notices-wrapper\"><\/div><ul class=\"products elementor-grid columns-3\">\n<li class=\"product type-product post-515 status-publish first instock product_cat-lines has-post-thumbnail shipping-taxable purchasable product-type-simple\">\n\t<a href=\"https:\/\/pranikiteclub.com\/mx\/producto\/linx-bar-2022-4-lines\/\" class=\"woocommerce-LoopProduct-link woocommerce-loop-product__link\"><img fetchpriority=\"high\" decoding=\"async\" width=\"300\" height=\"300\" src=\"https:\/\/pranikiteclub.com\/wp-content\/uploads\/2023\/10\/w1000-u21298GrkMwikhdM-300x300.png\" class=\"attachment-woocommerce_thumbnail size-woocommerce_thumbnail\" alt=\"\" srcset=\"https:\/\/pranikiteclub.com\/wp-content\/uploads\/2023\/10\/w1000-u21298GrkMwikhdM-300x300.png 300w, https:\/\/pranikiteclub.com\/wp-content\/uploads\/2023\/10\/w1000-u21298GrkMwikhdM-100x100.png 100w\" sizes=\"(max-width: 300px) 100vw, 300px\" \/><h2 class=\"woocommerce-loop-product__title\">LINX BAR 2022 &#8211; 4 lines<\/h2>\n\t<span class=\"price\"><span class=\"woocommerce-Price-amount amount\"><bdi><span class=\"woocommerce-Price-currencySymbol\">&#36;<\/span>550.00<\/bdi><\/span><\/span>\n<\/a><a href=\"?add-to-cart=515\" aria-describedby=\"woocommerce_loop_add_to_cart_link_describedby_515\" data-quantity=\"1\" class=\"button product_type_simple add_to_cart_button ajax_add_to_cart\" data-product_id=\"515\" data-product_sku=\"\" aria-label=\"Add to cart: \u201cLINX BAR 2022 - 4 lines\u201d\" rel=\"nofollow\" data-success_message=\"\u201cLINX BAR 2022 - 4 lines\u201d has been added to your cart\" data-no-translation=\"\" data-trp-gettext=\"\" data-no-translation-aria-label=\"\" data-no-translation-data-success_message=\"\">A\u00f1adir al carrito<\/a>\t<span id=\"woocommerce_loop_add_to_cart_link_describedby_515\" class=\"screen-reader-text\">\n\t\t\t<\/span>\n<\/li>\n<li class=\"product type-product post-510 status-publish instock product_cat-parachute has-post-thumbnail shipping-taxable purchasable product-type-simple\">\n\t<a href=\"https:\/\/pranikiteclub.com\/mx\/producto\/bandit-s3-2022-8m\/\" class=\"woocommerce-LoopProduct-link woocommerce-loop-product__link\"><img decoding=\"async\" width=\"300\" height=\"300\" src=\"https:\/\/pranikiteclub.com\/wp-content\/uploads\/2023\/10\/w1000-r21298FbuK7MMfmF-300x300.png\" class=\"attachment-woocommerce_thumbnail size-woocommerce_thumbnail\" alt=\"\" srcset=\"https:\/\/pranikiteclub.com\/wp-content\/uploads\/2023\/10\/w1000-r21298FbuK7MMfmF-300x300.png 300w, https:\/\/pranikiteclub.com\/wp-content\/uploads\/2023\/10\/w1000-r21298FbuK7MMfmF-100x100.png 100w\" sizes=\"(max-width: 300px) 100vw, 300px\" \/><h2 class=\"woocommerce-loop-product__title\">BANDIT S3 2022 &#8211; 8M<\/h2>\n\t<span class=\"price\"><span class=\"woocommerce-Price-amount amount\"><bdi><span class=\"woocommerce-Price-currencySymbol\">&#36;<\/span>1,450.00<\/bdi><\/span><\/span>\n<\/a><a href=\"?add-to-cart=510\" aria-describedby=\"woocommerce_loop_add_to_cart_link_describedby_510\" data-quantity=\"1\" class=\"button product_type_simple add_to_cart_button ajax_add_to_cart\" data-product_id=\"510\" data-product_sku=\"\" aria-label=\"Add to cart: \u201cBANDIT S3 2022 - 8M\u201d\" rel=\"nofollow\" data-success_message=\"\u201cBANDIT S3 2022 - 8M\u201d has been added to your cart\" data-no-translation=\"\" data-trp-gettext=\"\" data-no-translation-aria-label=\"\" data-no-translation-data-success_message=\"\">A\u00f1adir al carrito<\/a>\t<span id=\"woocommerce_loop_add_to_cart_link_describedby_510\" class=\"screen-reader-text\">\n\t\t\t<\/span>\n<\/li>\n<li class=\"product type-product post-509 status-publish last instock product_cat-parachute has-post-thumbnail shipping-taxable purchasable product-type-simple\">\n\t<a href=\"https:\/\/pranikiteclub.com\/mx\/producto\/bandit-xv-2022-9m\/\" class=\"woocommerce-LoopProduct-link woocommerce-loop-product__link\"><img decoding=\"async\" width=\"300\" height=\"300\" src=\"https:\/\/pranikiteclub.com\/wp-content\/uploads\/2023\/10\/w1000-l212986FrKJ78JUZ-300x300.png\" class=\"attachment-woocommerce_thumbnail size-woocommerce_thumbnail\" alt=\"\" srcset=\"https:\/\/pranikiteclub.com\/wp-content\/uploads\/2023\/10\/w1000-l212986FrKJ78JUZ-300x300.png 300w, https:\/\/pranikiteclub.com\/wp-content\/uploads\/2023\/10\/w1000-l212986FrKJ78JUZ-100x100.png 100w\" sizes=\"(max-width: 300px) 100vw, 300px\" \/><h2 class=\"woocommerce-loop-product__title\">Bandit XV 2022 9M<\/h2>\n\t<span class=\"price\"><span class=\"woocommerce-Price-amount amount\"><bdi><span class=\"woocommerce-Price-currencySymbol\">&#36;<\/span>1,500.00<\/bdi><\/span><\/span>\n<\/a><a href=\"?add-to-cart=509\" aria-describedby=\"woocommerce_loop_add_to_cart_link_describedby_509\" data-quantity=\"1\" class=\"button product_type_simple add_to_cart_button ajax_add_to_cart\" data-product_id=\"509\" data-product_sku=\"\" aria-label=\"Add to cart: \u201cBandit XV 2022 9M\u201d\" rel=\"nofollow\" data-success_message=\"\u201cBandit XV 2022 9M\u201d has been added to your cart\" data-no-translation=\"\" data-trp-gettext=\"\" data-no-translation-aria-label=\"\" data-no-translation-data-success_message=\"\">A\u00f1adir al carrito<\/a>\t<span id=\"woocommerce_loop_add_to_cart_link_describedby_509\" class=\"screen-reader-text\">\n\t\t\t<\/span>\n<\/li>\n<li class=\"product type-product post-503 status-publish first instock product_cat-parachute has-post-thumbnail shipping-taxable purchasable product-type-simple\">\n\t<a href=\"https:\/\/pranikiteclub.com\/mx\/producto\/bandit-xv\/\" class=\"woocommerce-LoopProduct-link woocommerce-loop-product__link\"><img loading=\"lazy\" decoding=\"async\" width=\"300\" height=\"300\" src=\"https:\/\/pranikiteclub.com\/wp-content\/uploads\/2023\/10\/w1000-t21298hCBXuBZoNd-300x300.png\" class=\"attachment-woocommerce_thumbnail size-woocommerce_thumbnail\" alt=\"\" srcset=\"https:\/\/pranikiteclub.com\/wp-content\/uploads\/2023\/10\/w1000-t21298hCBXuBZoNd-300x300.png 300w, https:\/\/pranikiteclub.com\/wp-content\/uploads\/2023\/10\/w1000-t21298hCBXuBZoNd-100x100.png 100w\" sizes=\"(max-width: 300px) 100vw, 300px\" \/><h2 class=\"woocommerce-loop-product__title\">Bandit XV 2022 7M<\/h2>\n\t<span class=\"price\"><span class=\"woocommerce-Price-amount amount\"><bdi><span class=\"woocommerce-Price-currencySymbol\">&#36;<\/span>1,400.00<\/bdi><\/span><\/span>\n<\/a><a href=\"?add-to-cart=503\" aria-describedby=\"woocommerce_loop_add_to_cart_link_describedby_503\" data-quantity=\"1\" class=\"button product_type_simple add_to_cart_button ajax_add_to_cart\" data-product_id=\"503\" data-product_sku=\"\" aria-label=\"Add to cart: \u201cBandit XV 2022 7M\u201d\" rel=\"nofollow\" data-success_message=\"\u201cBandit XV 2022 7M\u201d has been added to your cart\" data-no-translation=\"\" data-trp-gettext=\"\" data-no-translation-aria-label=\"\" data-no-translation-data-success_message=\"\">A\u00f1adir al carrito<\/a>\t<span id=\"woocommerce_loop_add_to_cart_link_describedby_503\" class=\"screen-reader-text\">\n\t\t\t<\/span>\n<\/li>\n<li class=\"product type-product post-497 status-publish instock product_cat-boards has-post-thumbnail shipping-taxable purchasable product-type-simple\">\n\t<a href=\"https:\/\/pranikiteclub.com\/mx\/producto\/wtf\/\" class=\"woocommerce-LoopProduct-link woocommerce-loop-product__link\"><img loading=\"lazy\" decoding=\"async\" width=\"300\" height=\"300\" src=\"https:\/\/pranikiteclub.com\/wp-content\/uploads\/2023\/10\/w1000-v21298zVLyKx9O3u-300x300.png\" class=\"attachment-woocommerce_thumbnail size-woocommerce_thumbnail\" alt=\"\" srcset=\"https:\/\/pranikiteclub.com\/wp-content\/uploads\/2023\/10\/w1000-v21298zVLyKx9O3u-300x300.png 300w, https:\/\/pranikiteclub.com\/wp-content\/uploads\/2023\/10\/w1000-v21298zVLyKx9O3u-100x100.png 100w, https:\/\/pranikiteclub.com\/wp-content\/uploads\/2023\/10\/w1000-v21298zVLyKx9O3u-600x600.png 600w, https:\/\/pranikiteclub.com\/wp-content\/uploads\/2023\/10\/w1000-v21298zVLyKx9O3u.png 1400w\" sizes=\"(max-width: 300px) 100vw, 300px\" \/><h2 class=\"woocommerce-loop-product__title\">WTF<\/h2>\n\t<span class=\"price\"><span class=\"woocommerce-Price-amount amount\"><bdi><span class=\"woocommerce-Price-currencySymbol\">&#36;<\/span>900.00<\/bdi><\/span><\/span>\n<\/a><a href=\"?add-to-cart=497\" aria-describedby=\"woocommerce_loop_add_to_cart_link_describedby_497\" data-quantity=\"1\" class=\"button product_type_simple add_to_cart_button ajax_add_to_cart\" data-product_id=\"497\" data-product_sku=\"\" aria-label=\"Add to cart: \u201cWTF\u201d\" rel=\"nofollow\" data-success_message=\"\u201cWTF\u201d has been added to your cart\" data-no-translation=\"\" data-trp-gettext=\"\" data-no-translation-aria-label=\"\" data-no-translation-data-success_message=\"\">A\u00f1adir al carrito<\/a>\t<span id=\"woocommerce_loop_add_to_cart_link_describedby_497\" class=\"screen-reader-text\">\n\t\t\t<\/span>\n<\/li>\n<li class=\"product type-product post-491 status-publish last instock product_cat-boards has-post-thumbnail shipping-taxable purchasable product-type-simple\">\n\t<a href=\"https:\/\/pranikiteclub.com\/mx\/producto\/trax-hrd-carbon-series\/\" class=\"woocommerce-LoopProduct-link woocommerce-loop-product__link\"><img loading=\"lazy\" decoding=\"async\" width=\"300\" height=\"300\" src=\"https:\/\/pranikiteclub.com\/wp-content\/uploads\/2023\/10\/w1000-g21298sJfEcxEEEu-300x300.png\" class=\"attachment-woocommerce_thumbnail size-woocommerce_thumbnail\" alt=\"\" srcset=\"https:\/\/pranikiteclub.com\/wp-content\/uploads\/2023\/10\/w1000-g21298sJfEcxEEEu-300x300.png 300w, https:\/\/pranikiteclub.com\/wp-content\/uploads\/2023\/10\/w1000-g21298sJfEcxEEEu-100x100.png 100w\" sizes=\"(max-width: 300px) 100vw, 300px\" \/><h2 class=\"woocommerce-loop-product__title\">TRAX HRD CARBON SERIES<\/h2>\n\t<span class=\"price\"><span class=\"woocommerce-Price-amount amount\"><bdi><span class=\"woocommerce-Price-currencySymbol\">&#36;<\/span>1,100.00<\/bdi><\/span><\/span>\n<\/a><a href=\"?add-to-cart=491\" aria-describedby=\"woocommerce_loop_add_to_cart_link_describedby_491\" data-quantity=\"1\" class=\"button product_type_simple add_to_cart_button ajax_add_to_cart\" data-product_id=\"491\" data-product_sku=\"\" aria-label=\"Add to cart: \u201cTRAX HRD CARBON SERIES\u201d\" rel=\"nofollow\" data-success_message=\"\u201cTRAX HRD CARBON SERIES\u201d has been added to your cart\" data-no-translation=\"\" data-trp-gettext=\"\" data-no-translation-aria-label=\"\" data-no-translation-data-success_message=\"\">A\u00f1adir al carrito<\/a>\t<span id=\"woocommerce_loop_add_to_cart_link_describedby_491\" class=\"screen-reader-text\">\n\t\t\t<\/span>\n<\/li>\n<li class=\"product type-product post-201 status-publish first instock product_cat-boards has-post-thumbnail shipping-taxable purchasable product-type-simple\">\n\t<a href=\"https:\/\/pranikiteclub.com\/mx\/producto\/trax-2022-136-x-40-5\/\" class=\"woocommerce-LoopProduct-link woocommerce-loop-product__link\"><img loading=\"lazy\" decoding=\"async\" width=\"300\" height=\"300\" src=\"https:\/\/pranikiteclub.com\/wp-content\/uploads\/2023\/10\/w1000-t21298tFXcSKCVKY-300x300.png\" class=\"attachment-woocommerce_thumbnail size-woocommerce_thumbnail\" alt=\"\" srcset=\"https:\/\/pranikiteclub.com\/wp-content\/uploads\/2023\/10\/w1000-t21298tFXcSKCVKY-300x300.png 300w, https:\/\/pranikiteclub.com\/wp-content\/uploads\/2023\/10\/w1000-t21298tFXcSKCVKY-100x100.png 100w, https:\/\/pranikiteclub.com\/wp-content\/uploads\/2023\/10\/w1000-t21298tFXcSKCVKY-600x600.png 600w, https:\/\/pranikiteclub.com\/wp-content\/uploads\/2023\/10\/w1000-t21298tFXcSKCVKY.png 1200w\" sizes=\"(max-width: 300px) 100vw, 300px\" \/><h2 class=\"woocommerce-loop-product__title\">TRAX 2022 &#8211; 136 x 40.5<\/h2>\n\t<span class=\"price\"><span class=\"woocommerce-Price-amount amount\"><bdi><span class=\"woocommerce-Price-currencySymbol\">&#36;<\/span>850.00<\/bdi><\/span><\/span>\n<\/a><a href=\"?add-to-cart=201\" aria-describedby=\"woocommerce_loop_add_to_cart_link_describedby_201\" data-quantity=\"1\" class=\"button product_type_simple add_to_cart_button ajax_add_to_cart\" data-product_id=\"201\" data-product_sku=\"\" aria-label=\"Add to cart: \u201cTRAX 2022 - 136 x 40.5\u201d\" rel=\"nofollow\" data-success_message=\"\u201cTRAX 2022 - 136 x 40.5\u201d has been added to your cart\" data-no-translation=\"\" data-trp-gettext=\"\" data-no-translation-aria-label=\"\" data-no-translation-data-success_message=\"\">A\u00f1adir al carrito<\/a>\t<span id=\"woocommerce_loop_add_to_cart_link_describedby_201\" class=\"screen-reader-text\">\n\t\t\t<\/span>\n<\/li>\n<\/ul>\n<\/div>\t\t\t\t<\/div>\n\t\t\t\t<\/div>\n\t\t\t\t\t<\/div>\n\t\t\t\t<\/div>\n\t\t<div class=\"elementor-element elementor-element-a7146ff e-flex e-con-boxed e-con e-parent\" data-id=\"a7146ff\" data-element_type=\"container\">\n\t\t\t\t\t<div class=\"e-con-inner\">\n\t\t<div class=\"elementor-element elementor-element-81fbbde e-con-full e-flex e-con e-child\" data-id=\"81fbbde\" data-element_type=\"container\">\n\t\t\t\t<div class=\"elementor-element elementor-element-9acc00d elementor-widget elementor-widget-spacer\" data-id=\"9acc00d\" data-element_type=\"widget\" data-widget_type=\"spacer.default\">\n\t\t\t\t<div class=\"elementor-widget-container\">\n\t\t\t\t\t\t\t<div class=\"elementor-spacer\">\n\t\t\t<div class=\"elementor-spacer-inner\"><\/div>\n\t\t<\/div>\n\t\t\t\t\t\t<\/div>\n\t\t\t\t<\/div>\n\t\t\t\t<div class=\"elementor-element elementor-element-2f2fa94 elementor-widget elementor-widget-image\" data-id=\"2f2fa94\" data-element_type=\"widget\" data-widget_type=\"image.default\">\n\t\t\t\t<div class=\"elementor-widget-container\">\n\t\t\t\t\t\t\t\t\t\t\t\t\t\t\t<img loading=\"lazy\" decoding=\"async\" width=\"600\" height=\"117\" src=\"https:\/\/pranikiteclub.com\/wp-content\/uploads\/2023\/10\/w400-n21298YQAcnor6ZV.png\" class=\"attachment-full size-full wp-image-483\" alt=\"\" \/>\t\t\t\t\t\t\t\t\t\t\t\t\t\t\t<\/div>\n\t\t\t\t<\/div>\n\t\t\t\t<\/div>\n\t\t<div class=\"elementor-element elementor-element-d29becf e-con-full e-flex e-con e-child\" data-id=\"d29becf\" data-element_type=\"container\">\n\t\t\t\t<div class=\"elementor-element elementor-element-62e3221 elementor-widget elementor-widget-image\" data-id=\"62e3221\" data-element_type=\"widget\" data-widget_type=\"image.default\">\n\t\t\t\t<div class=\"elementor-widget-container\">\n\t\t\t\t\t\t\t\t\t\t\t\t\t\t\t<img loading=\"lazy\" decoding=\"async\" width=\"600\" height=\"600\" src=\"https:\/\/pranikiteclub.com\/wp-content\/uploads\/2023\/10\/w400-a212988hCud9v8xA.png\" class=\"attachment-full size-full wp-image-481\" alt=\"\" srcset=\"https:\/\/pranikiteclub.com\/wp-content\/uploads\/2023\/10\/w400-a212988hCud9v8xA.png 600w, https:\/\/pranikiteclub.com\/wp-content\/uploads\/2023\/10\/w400-a212988hCud9v8xA-300x300.png 300w, https:\/\/pranikiteclub.com\/wp-content\/uploads\/2023\/10\/w400-a212988hCud9v8xA-100x100.png 100w\" sizes=\"(max-width: 600px) 100vw, 600px\" \/>\t\t\t\t\t\t\t\t\t\t\t\t\t\t\t<\/div>\n\t\t\t\t<\/div>\n\t\t\t\t<\/div>\n\t\t<div class=\"elementor-element elementor-element-dff4831 e-con-full e-flex e-con e-child\" data-id=\"dff4831\" data-element_type=\"container\">\n\t\t\t\t<div class=\"elementor-element elementor-element-0fc6c97 elementor-widget elementor-widget-image\" data-id=\"0fc6c97\" data-element_type=\"widget\" data-widget_type=\"image.default\">\n\t\t\t\t<div class=\"elementor-widget-container\">\n\t\t\t\t\t\t\t\t\t\t\t\t\t\t\t<img loading=\"lazy\" decoding=\"async\" width=\"600\" height=\"600\" src=\"https:\/\/pranikiteclub.com\/wp-content\/uploads\/2023\/10\/w400-a21298MGg0B9DyLl.png\" class=\"attachment-full size-full wp-image-484\" alt=\"\" srcset=\"https:\/\/pranikiteclub.com\/wp-content\/uploads\/2023\/10\/w400-a21298MGg0B9DyLl.png 600w, https:\/\/pranikiteclub.com\/wp-content\/uploads\/2023\/10\/w400-a21298MGg0B9DyLl-300x300.png 300w, https:\/\/pranikiteclub.com\/wp-content\/uploads\/2023\/10\/w400-a21298MGg0B9DyLl-100x100.png 100w\" sizes=\"(max-width: 600px) 100vw, 600px\" \/>\t\t\t\t\t\t\t\t\t\t\t\t\t\t\t<\/div>\n\t\t\t\t<\/div>\n\t\t\t\t<\/div>\n\t\t\t\t\t<\/div>\n\t\t\t\t<\/div>\n\t\t\t\t<\/div>","protected":false},"excerpt":{"rendered":"<p>SHOP Welcome!We are proud distributors of Fone, so consider special deals for gear packages.We also work with specific models we like the most from the main brands.All items on this page are available for sale.Click an item to see the details.<\/p>","protected":false},"author":1,"featured_media":0,"parent":0,"menu_order":0,"comment_status":"closed","ping_status":"closed","template":"","meta":{"content-type":"","footnotes":""},"class_list":["post-476","page","type-page","status-publish","hentry"],"yoast_head":"<!-- This site is optimized with the Yoast SEO Premium plugin v21.5 (Yoast SEO v26.7) - https:\/\/yoast.com\/wordpress\/plugins\/seo\/ -->\n<title>Shop Pranik - Pranik Kite Club<\/title>\n<meta name=\"robots\" content=\"index, follow, max-snippet:-1, max-image-preview:large, max-video-preview:-1\" \/>\n<link rel=\"canonical\" href=\"https:\/\/pranikiteclub.com\/mx\/shop-pranik\/\" \/>\n<meta property=\"og:locale\" content=\"es_MX\" \/>\n<meta property=\"og:type\" content=\"article\" \/>\n<meta property=\"og:title\" content=\"Shop Pranik\" \/>\n<meta property=\"og:description\" content=\"SHOP Welcome!We are proud distributors of Fone, so consider special deals for gear packages.We also work with specific models we like the most from the main brands.All items on this page are available for sale.Click an item to see the details.\" \/>\n<meta property=\"og:url\" content=\"https:\/\/pranikiteclub.com\/mx\/shop-pranik\/\" \/>\n<meta property=\"og:site_name\" content=\"Pranik Kite Club\" \/>\n<meta property=\"article:modified_time\" content=\"2023-10-13T17:13:06+00:00\" \/>\n<meta property=\"og:image\" content=\"https:\/\/pranikiteclub.com\/wp-content\/uploads\/2023\/10\/w400-n21298YQAcnor6ZV.png\" \/>\n<meta name=\"twitter:card\" content=\"summary_large_image\" \/>\n<script type=\"application\/ld+json\" class=\"yoast-schema-graph\">{\"@context\":\"https:\/\/schema.org\",\"@graph\":[{\"@type\":\"WebPage\",\"@id\":\"https:\/\/pranikiteclub.com\/shop-pranik\/\",\"url\":\"https:\/\/pranikiteclub.com\/shop-pranik\/\",\"name\":\"Shop Pranik - Pranik Kite Club\",\"isPartOf\":{\"@id\":\"https:\/\/pranikiteclub.com\/#website\"},\"primaryImageOfPage\":{\"@id\":\"https:\/\/pranikiteclub.com\/shop-pranik\/#primaryimage\"},\"image\":{\"@id\":\"https:\/\/pranikiteclub.com\/shop-pranik\/#primaryimage\"},\"thumbnailUrl\":\"https:\/\/pranikiteclub.com\/wp-content\/uploads\/2023\/10\/w400-n21298YQAcnor6ZV.png\",\"datePublished\":\"2023-10-13T16:39:36+00:00\",\"dateModified\":\"2023-10-13T17:13:06+00:00\",\"breadcrumb\":{\"@id\":\"https:\/\/pranikiteclub.com\/shop-pranik\/#breadcrumb\"},\"inLanguage\":\"es\",\"potentialAction\":[{\"@type\":\"ReadAction\",\"target\":[\"https:\/\/pranikiteclub.com\/shop-pranik\/\"]}]},{\"@type\":\"ImageObject\",\"inLanguage\":\"es\",\"@id\":\"https:\/\/pranikiteclub.com\/shop-pranik\/#primaryimage\",\"url\":\"https:\/\/pranikiteclub.com\/wp-content\/uploads\/2023\/10\/w400-n21298YQAcnor6ZV.png\",\"contentUrl\":\"https:\/\/pranikiteclub.com\/wp-content\/uploads\/2023\/10\/w400-n21298YQAcnor6ZV.png\"},{\"@type\":\"BreadcrumbList\",\"@id\":\"https:\/\/pranikiteclub.com\/shop-pranik\/#breadcrumb\",\"itemListElement\":[{\"@type\":\"ListItem\",\"position\":1,\"name\":\"Home\",\"item\":\"https:\/\/pranikiteclub.com\/\"},{\"@type\":\"ListItem\",\"position\":2,\"name\":\"Shop Pranik\"}]},{\"@type\":\"WebSite\",\"@id\":\"https:\/\/pranikiteclub.com\/#website\",\"url\":\"https:\/\/pranikiteclub.com\/\",\"name\":\"Pranik Kite Club\",\"description\":\"\",\"publisher\":{\"@id\":\"https:\/\/pranikiteclub.com\/#organization\"},\"potentialAction\":[{\"@type\":\"SearchAction\",\"target\":{\"@type\":\"EntryPoint\",\"urlTemplate\":\"https:\/\/pranikiteclub.com\/?s={search_term_string}\"},\"query-input\":{\"@type\":\"PropertyValueSpecification\",\"valueRequired\":true,\"valueName\":\"search_term_string\"}}],\"inLanguage\":\"es\"},{\"@type\":\"Organization\",\"@id\":\"https:\/\/pranikiteclub.com\/#organization\",\"name\":\"Pranik Kite Club\",\"url\":\"https:\/\/pranikiteclub.com\/\",\"logo\":{\"@type\":\"ImageObject\",\"inLanguage\":\"es\",\"@id\":\"https:\/\/pranikiteclub.com\/#\/schema\/logo\/image\/\",\"url\":\"https:\/\/pranikiteclub.com\/wp-content\/uploads\/2023\/11\/fav.png\",\"contentUrl\":\"https:\/\/pranikiteclub.com\/wp-content\/uploads\/2023\/11\/fav.png\",\"width\":409,\"height\":443,\"caption\":\"Pranik Kite Club\"},\"image\":{\"@id\":\"https:\/\/pranikiteclub.com\/#\/schema\/logo\/image\/\"}}]}<\/script>\n<!-- \/ Yoast SEO Premium plugin. -->","yoast_head_json":{"title":"Shop Pranik - Pranik Kite Club","robots":{"index":"index","follow":"follow","max-snippet":"max-snippet:-1","max-image-preview":"max-image-preview:large","max-video-preview":"max-video-preview:-1"},"canonical":"https:\/\/pranikiteclub.com\/mx\/shop-pranik\/","og_locale":"es_MX","og_type":"article","og_title":"Shop Pranik","og_description":"SHOP Welcome!We are proud distributors of Fone, so consider special deals for gear packages.We also work with specific models we like the most from the main brands.All items on this page are available for sale.Click an item to see the details.","og_url":"https:\/\/pranikiteclub.com\/mx\/shop-pranik\/","og_site_name":"Pranik Kite Club","article_modified_time":"2023-10-13T17:13:06+00:00","og_image":[{"url":"https:\/\/pranikiteclub.com\/wp-content\/uploads\/2023\/10\/w400-n21298YQAcnor6ZV.png","type":"","width":"","height":""}],"twitter_card":"summary_large_image","schema":{"@context":"https:\/\/schema.org","@graph":[{"@type":"WebPage","@id":"https:\/\/pranikiteclub.com\/shop-pranik\/","url":"https:\/\/pranikiteclub.com\/shop-pranik\/","name":"Shop Pranik - Pranik Kite Club","isPartOf":{"@id":"https:\/\/pranikiteclub.com\/#website"},"primaryImageOfPage":{"@id":"https:\/\/pranikiteclub.com\/shop-pranik\/#primaryimage"},"image":{"@id":"https:\/\/pranikiteclub.com\/shop-pranik\/#primaryimage"},"thumbnailUrl":"https:\/\/pranikiteclub.com\/wp-content\/uploads\/2023\/10\/w400-n21298YQAcnor6ZV.png","datePublished":"2023-10-13T16:39:36+00:00","dateModified":"2023-10-13T17:13:06+00:00","breadcrumb":{"@id":"https:\/\/pranikiteclub.com\/shop-pranik\/#breadcrumb"},"inLanguage":"es","potentialAction":[{"@type":"ReadAction","target":["https:\/\/pranikiteclub.com\/shop-pranik\/"]}]},{"@type":"ImageObject","inLanguage":"es","@id":"https:\/\/pranikiteclub.com\/shop-pranik\/#primaryimage","url":"https:\/\/pranikiteclub.com\/wp-content\/uploads\/2023\/10\/w400-n21298YQAcnor6ZV.png","contentUrl":"https:\/\/pranikiteclub.com\/wp-content\/uploads\/2023\/10\/w400-n21298YQAcnor6ZV.png"},{"@type":"BreadcrumbList","@id":"https:\/\/pranikiteclub.com\/shop-pranik\/#breadcrumb","itemListElement":[{"@type":"ListItem","position":1,"name":"Home","item":"https:\/\/pranikiteclub.com\/"},{"@type":"ListItem","position":2,"name":"Shop Pranik"}]},{"@type":"WebSite","@id":"https:\/\/pranikiteclub.com\/#website","url":"https:\/\/pranikiteclub.com\/","name":"Pranik Kite Club","description":"","publisher":{"@id":"https:\/\/pranikiteclub.com\/#organization"},"potentialAction":[{"@type":"SearchAction","target":{"@type":"EntryPoint","urlTemplate":"https:\/\/pranikiteclub.com\/?s={search_term_string}"},"query-input":{"@type":"PropertyValueSpecification","valueRequired":true,"valueName":"search_term_string"}}],"inLanguage":"es"},{"@type":"Organization","@id":"https:\/\/pranikiteclub.com\/#organization","name":"Pranik Kite Club","url":"https:\/\/pranikiteclub.com\/","logo":{"@type":"ImageObject","inLanguage":"es","@id":"https:\/\/pranikiteclub.com\/#\/schema\/logo\/image\/","url":"https:\/\/pranikiteclub.com\/wp-content\/uploads\/2023\/11\/fav.png","contentUrl":"https:\/\/pranikiteclub.com\/wp-content\/uploads\/2023\/11\/fav.png","width":409,"height":443,"caption":"Pranik Kite Club"},"image":{"@id":"https:\/\/pranikiteclub.com\/#\/schema\/logo\/image\/"}}]}},"_links":{"self":[{"href":"https:\/\/pranikiteclub.com\/mx\/wp-json\/wp\/v2\/pages\/476","targetHints":{"allow":["GET"]}}],"collection":[{"href":"https:\/\/pranikiteclub.com\/mx\/wp-json\/wp\/v2\/pages"}],"about":[{"href":"https:\/\/pranikiteclub.com\/mx\/wp-json\/wp\/v2\/types\/page"}],"author":[{"embeddable":true,"href":"https:\/\/pranikiteclub.com\/mx\/wp-json\/wp\/v2\/users\/1"}],"replies":[{"embeddable":true,"href":"https:\/\/pranikiteclub.com\/mx\/wp-json\/wp\/v2\/comments?post=476"}],"version-history":[{"count":16,"href":"https:\/\/pranikiteclub.com\/mx\/wp-json\/wp\/v2\/pages\/476\/revisions"}],"predecessor-version":[{"id":528,"href":"https:\/\/pranikiteclub.com\/mx\/wp-json\/wp\/v2\/pages\/476\/revisions\/528"}],"wp:attachment":[{"href":"https:\/\/pranikiteclub.com\/mx\/wp-json\/wp\/v2\/media?parent=476"}],"curies":[{"name":"wp","href":"https:\/\/api.w.org\/{rel}","templated":true}]}}