{"id":178,"date":"2023-10-02T23:40:26","date_gmt":"2023-10-02T21:40:26","guid":{"rendered":"https:\/\/pranikiteclub.com\/?page_id=178"},"modified":"2026-02-13T17:32:09","modified_gmt":"2026-02-13T16:32:09","slug":"blog","status":"publish","type":"page","link":"https:\/\/pranikiteclub.com\/en\/blog\/","title":{"rendered":"Blog"},"content":{"rendered":"\t\t<div data-elementor-type=\"wp-page\" data-elementor-id=\"178\" class=\"elementor elementor-178\" data-elementor-post-type=\"page\">\n\t\t\t\t<div class=\"elementor-element elementor-element-8396934 e-flex e-con-boxed e-con e-parent\" data-id=\"8396934\" data-element_type=\"container\">\n\t\t\t\t\t<div class=\"e-con-inner\">\n\t\t\t\t<div class=\"elementor-element elementor-element-af826f6 elementor-widget elementor-widget-heading\" data-id=\"af826f6\" data-element_type=\"widget\" data-widget_type=\"heading.default\">\n\t\t\t\t<div class=\"elementor-widget-container\">\n\t\t\t\t\t<h2 class=\"elementor-heading-title elementor-size-default\">Kitesurf en Puerto Morelos y el Caribe Mexicano<\/h2>\t\t\t\t<\/div>\n\t\t\t\t<\/div>\n\t\t\t\t<div class=\"elementor-element elementor-element-7eecec6 elementor-widget elementor-widget-text-editor\" data-id=\"7eecec6\" data-element_type=\"widget\" data-widget_type=\"text-editor.default\">\n\t\t\t\t<div class=\"elementor-widget-container\">\n\t\t\t\t\t\t\t\t\t<p>Art\u00edculos sobre condiciones de viento y agua, temporada y aspectos t\u00e9cnicos del kitesurf en Puerto Morelos, Isla Blanca y la regi\u00f3n.<\/p>\t\t\t\t\t\t\t\t<\/div>\n\t\t\t\t<\/div>\n\t\t\t\t\t<\/div>\n\t\t\t\t<\/div>\n\t\t<div class=\"elementor-element elementor-element-612f818 e-flex e-con-boxed e-con e-parent\" data-id=\"612f818\" data-element_type=\"container\">\n\t\t\t\t\t<div class=\"e-con-inner\">\n\t\t\t\t<div class=\"elementor-element elementor-element-4a7d42f elementor-posts--align-left elementor-grid-3 elementor-grid-tablet-2 elementor-grid-mobile-1 elementor-posts--thumbnail-top elementor-widget elementor-widget-posts\" data-id=\"4a7d42f\" data-element_type=\"widget\" data-settings=\"{&quot;pagination_type&quot;:&quot;numbers_and_prev_next&quot;,&quot;classic_row_gap_mobile&quot;:{&quot;unit&quot;:&quot;px&quot;,&quot;size&quot;:52,&quot;sizes&quot;:[]},&quot;classic_columns&quot;:&quot;3&quot;,&quot;classic_columns_tablet&quot;:&quot;2&quot;,&quot;classic_columns_mobile&quot;:&quot;1&quot;,&quot;classic_row_gap&quot;:{&quot;unit&quot;:&quot;px&quot;,&quot;size&quot;:35,&quot;sizes&quot;:[]},&quot;classic_row_gap_tablet&quot;:{&quot;unit&quot;:&quot;px&quot;,&quot;size&quot;:&quot;&quot;,&quot;sizes&quot;:[]}}\" data-widget_type=\"posts.classic\">\n\t\t\t\t<div class=\"elementor-widget-container\">\n\t\t\t\t\t\t\t<div class=\"elementor-posts-container elementor-posts elementor-posts--skin-classic elementor-grid\">\n\t\t\t\t<article class=\"elementor-post elementor-grid-item post-2529 post type-post status-publish format-standard hentry category-kitesurf-en-isla-blanca\">\n\t\t\t\t<div class=\"elementor-post__text\">\n\t\t\t\t<h3 class=\"elementor-post__title\">\n\t\t\t<a href=\"https:\/\/pranikiteclub.com\/en\/kitesurf-en-isla-blanca\/condiciones-agua-kitesurf-isla-blanca\/\" target=&quot;_blank&quot;>\n\t\t\t\tWater Conditions for Kitesurfing in Isla Blanca, Mexico\t\t\t<\/a>\n\t\t<\/h3>\n\t\t\t\t<div class=\"elementor-post__meta-data\">\n\t\t\t\t\t<span class=\"elementor-post-date\">\n\t\t\t14 de January de 2026\t\t<\/span>\n\t\t\t\t<\/div>\n\t\t\t\t\t<div class=\"elementor-post__read-more-wrapper\">\n\t\t\n\t\t<a class=\"elementor-post__read-more\" href=\"https:\/\/pranikiteclub.com\/en\/kitesurf-en-isla-blanca\/condiciones-agua-kitesurf-isla-blanca\/\" aria-label=\"Read more about Water Conditions for Kitesurfing in Isla Blanca, Mexico\" tabindex=\"-1\" target=\"_blank\">\n\t\t\tRead More \u00bb\t\t<\/a>\n\n\t\t\t\t\t<\/div>\n\t\t\t\t<\/div>\n\t\t\t\t<\/article>\n\t\t\t\t<article class=\"elementor-post elementor-grid-item post-2530 post type-post status-publish format-standard hentry category-kitesurf-en-isla-blanca\">\n\t\t\t\t<div class=\"elementor-post__text\">\n\t\t\t\t<h3 class=\"elementor-post__title\">\n\t\t\t<a href=\"https:\/\/pranikiteclub.com\/en\/kitesurf-en-isla-blanca\/niveles-kitesurf-tipo-practica-isla-blanca\/\" target=&quot;_blank&quot;>\n\t\t\t\tNiveles de kitesurf y tipo de pr\u00e1ctica seg\u00fan condiciones en Isla Blanca\t\t\t<\/a>\n\t\t<\/h3>\n\t\t\t\t<div class=\"elementor-post__meta-data\">\n\t\t\t\t\t<span class=\"elementor-post-date\">\n\t\t\t14 de January de 2026\t\t<\/span>\n\t\t\t\t<\/div>\n\t\t\t\t\t<div class=\"elementor-post__read-more-wrapper\">\n\t\t\n\t\t<a class=\"elementor-post__read-more\" href=\"https:\/\/pranikiteclub.com\/en\/kitesurf-en-isla-blanca\/niveles-kitesurf-tipo-practica-isla-blanca\/\" aria-label=\"Read more about Niveles de kitesurf y tipo de pr\u00e1ctica seg\u00fan condiciones en Isla Blanca\" tabindex=\"-1\" target=\"_blank\">\n\t\t\tRead More \u00bb\t\t<\/a>\n\n\t\t\t\t\t<\/div>\n\t\t\t\t<\/div>\n\t\t\t\t<\/article>\n\t\t\t\t<article class=\"elementor-post elementor-grid-item post-2527 post type-post status-publish format-standard hentry category-kitesurf-en-isla-blanca\">\n\t\t\t\t<div class=\"elementor-post__text\">\n\t\t\t\t<h3 class=\"elementor-post__title\">\n\t\t\t<a href=\"https:\/\/pranikiteclub.com\/en\/kitesurf-en-isla-blanca\/condiciones-viento-kitesurf-isla-blanca\/\" target=&quot;_blank&quot;>\n\t\t\t\tCondiciones de viento para kitesurf en Isla Blanca\t\t\t<\/a>\n\t\t<\/h3>\n\t\t\t\t<div class=\"elementor-post__meta-data\">\n\t\t\t\t\t<span class=\"elementor-post-date\">\n\t\t\t14 de January de 2026\t\t<\/span>\n\t\t\t\t<\/div>\n\t\t\t\t\t<div class=\"elementor-post__read-more-wrapper\">\n\t\t\n\t\t<a class=\"elementor-post__read-more\" href=\"https:\/\/pranikiteclub.com\/en\/kitesurf-en-isla-blanca\/condiciones-viento-kitesurf-isla-blanca\/\" aria-label=\"Read more about Condiciones de viento para kitesurf en Isla Blanca\" tabindex=\"-1\" target=\"_blank\">\n\t\t\tRead More \u00bb\t\t<\/a>\n\n\t\t\t\t\t<\/div>\n\t\t\t\t<\/div>\n\t\t\t\t<\/article>\n\t\t\t\t<article class=\"elementor-post elementor-grid-item post-2461 post type-post status-publish format-standard has-post-thumbnail hentry category-kitesurf-en-isla-blanca\">\n\t\t\t\t<a class=\"elementor-post__thumbnail__link\" href=\"https:\/\/pranikiteclub.com\/en\/kitesurf-en-isla-blanca\/mejor-temporada-kitesurf-isla-blanca\/\" tabindex=\"-1\" target=&quot;_blank&quot;>\n\t\t\t<div class=\"elementor-post__thumbnail\"><img fetchpriority=\"high\" decoding=\"async\" width=\"300\" height=\"300\" src=\"https:\/\/pranikiteclub.com\/wp-content\/uploads\/2026\/01\/pranik-kc-website-06-300x300.png\" class=\"attachment-medium size-medium wp-image-2574\" alt=\"\" srcset=\"https:\/\/pranikiteclub.com\/wp-content\/uploads\/2026\/01\/pranik-kc-website-06-300x300.png 300w, https:\/\/pranikiteclub.com\/wp-content\/uploads\/2026\/01\/pranik-kc-website-06-150x150.png 150w, https:\/\/pranikiteclub.com\/wp-content\/uploads\/2026\/01\/pranik-kc-website-06-768x768.png 768w, https:\/\/pranikiteclub.com\/wp-content\/uploads\/2026\/01\/pranik-kc-website-06-12x12.png 12w, https:\/\/pranikiteclub.com\/wp-content\/uploads\/2026\/01\/pranik-kc-website-06-600x600.png 600w, https:\/\/pranikiteclub.com\/wp-content\/uploads\/2026\/01\/pranik-kc-website-06-100x100.png 100w, https:\/\/pranikiteclub.com\/wp-content\/uploads\/2026\/01\/pranik-kc-website-06.png 996w\" sizes=\"(max-width: 300px) 100vw, 300px\" \/><\/div>\n\t\t<\/a>\n\t\t\t\t<div class=\"elementor-post__text\">\n\t\t\t\t<h3 class=\"elementor-post__title\">\n\t\t\t<a href=\"https:\/\/pranikiteclub.com\/en\/kitesurf-en-isla-blanca\/mejor-temporada-kitesurf-isla-blanca\/\" target=&quot;_blank&quot;>\n\t\t\t\tMejor temporada para practicar kitesurf en Isla Blanca\t\t\t<\/a>\n\t\t<\/h3>\n\t\t\t\t<div class=\"elementor-post__meta-data\">\n\t\t\t\t\t<span class=\"elementor-post-date\">\n\t\t\t13 de January de 2026\t\t<\/span>\n\t\t\t\t<\/div>\n\t\t\t\t\t<div class=\"elementor-post__read-more-wrapper\">\n\t\t\n\t\t<a class=\"elementor-post__read-more\" href=\"https:\/\/pranikiteclub.com\/en\/kitesurf-en-isla-blanca\/mejor-temporada-kitesurf-isla-blanca\/\" aria-label=\"Read more about Mejor temporada para practicar kitesurf en Isla Blanca\" tabindex=\"-1\" target=\"_blank\">\n\t\t\tRead More \u00bb\t\t<\/a>\n\n\t\t\t\t\t<\/div>\n\t\t\t\t<\/div>\n\t\t\t\t<\/article>\n\t\t\t\t<article class=\"elementor-post elementor-grid-item post-153 post type-post status-publish format-standard has-post-thumbnail hentry category-travel\">\n\t\t\t\t<a class=\"elementor-post__thumbnail__link\" href=\"https:\/\/pranikiteclub.com\/en\/travel\/dias-soleados-en-scandinavia\/\" tabindex=\"-1\" target=&quot;_blank&quot;>\n\t\t\t<div class=\"elementor-post__thumbnail\"><img decoding=\"async\" width=\"300\" height=\"202\" src=\"https:\/\/pranikiteclub.com\/wp-content\/uploads\/2023\/10\/578916_cf870e4c9f2841829521e28174e59489mv2.png\" class=\"attachment-medium size-medium wp-image-154\" alt=\"\" srcset=\"https:\/\/pranikiteclub.com\/wp-content\/uploads\/2023\/10\/578916_cf870e4c9f2841829521e28174e59489mv2.png 740w, https:\/\/pranikiteclub.com\/wp-content\/uploads\/2023\/10\/578916_cf870e4c9f2841829521e28174e59489mv2-600x404.png 600w\" sizes=\"(max-width: 300px) 100vw, 300px\" \/><\/div>\n\t\t<\/a>\n\t\t\t\t<div class=\"elementor-post__text\">\n\t\t\t\t<h3 class=\"elementor-post__title\">\n\t\t\t<a href=\"https:\/\/pranikiteclub.com\/en\/travel\/dias-soleados-en-scandinavia\/\" target=&quot;_blank&quot;>\n\t\t\t\tD\u00edas soleados en Scandinavia\t\t\t<\/a>\n\t\t<\/h3>\n\t\t\t\t<div class=\"elementor-post__meta-data\">\n\t\t\t\t\t<span class=\"elementor-post-date\">\n\t\t\t26 de July de 2024\t\t<\/span>\n\t\t\t\t<\/div>\n\t\t\t\t\t<div class=\"elementor-post__read-more-wrapper\">\n\t\t\n\t\t<a class=\"elementor-post__read-more\" href=\"https:\/\/pranikiteclub.com\/en\/travel\/dias-soleados-en-scandinavia\/\" aria-label=\"Read more about D\u00edas soleados en Scandinavia\" tabindex=\"-1\" target=\"_blank\">\n\t\t\tRead More \u00bb\t\t<\/a>\n\n\t\t\t\t\t<\/div>\n\t\t\t\t<\/div>\n\t\t\t\t<\/article>\n\t\t\t\t<article class=\"elementor-post elementor-grid-item post-139 post type-post status-publish format-standard has-post-thumbnail hentry category-sports\">\n\t\t\t\t<a class=\"elementor-post__thumbnail__link\" href=\"https:\/\/pranikiteclub.com\/en\/sports\/vuela-hasta-besar-al-sol\/\" tabindex=\"-1\" target=&quot;_blank&quot;>\n\t\t\t<div class=\"elementor-post__thumbnail\"><img decoding=\"async\" width=\"300\" height=\"199\" src=\"https:\/\/pranikiteclub.com\/wp-content\/uploads\/2023\/10\/578916_9d47ad230b4b42ef8e2ee4ea93bae9d7mv2.webp\" class=\"attachment-medium size-medium wp-image-146\" alt=\"\" srcset=\"https:\/\/pranikiteclub.com\/wp-content\/uploads\/2023\/10\/578916_9d47ad230b4b42ef8e2ee4ea93bae9d7mv2.webp 740w, https:\/\/pranikiteclub.com\/wp-content\/uploads\/2023\/10\/578916_9d47ad230b4b42ef8e2ee4ea93bae9d7mv2-600x398.webp 600w\" sizes=\"(max-width: 300px) 100vw, 300px\" \/><\/div>\n\t\t<\/a>\n\t\t\t\t<div class=\"elementor-post__text\">\n\t\t\t\t<h3 class=\"elementor-post__title\">\n\t\t\t<a href=\"https:\/\/pranikiteclub.com\/en\/sports\/vuela-hasta-besar-al-sol\/\" target=&quot;_blank&quot;>\n\t\t\t\tVuela hasta besar al Sol\t\t\t<\/a>\n\t\t<\/h3>\n\t\t\t\t<div class=\"elementor-post__meta-data\">\n\t\t\t\t\t<span class=\"elementor-post-date\">\n\t\t\t26 de July de 2024\t\t<\/span>\n\t\t\t\t<\/div>\n\t\t\t\t\t<div class=\"elementor-post__read-more-wrapper\">\n\t\t\n\t\t<a class=\"elementor-post__read-more\" href=\"https:\/\/pranikiteclub.com\/en\/sports\/vuela-hasta-besar-al-sol\/\" aria-label=\"Read more about Vuela hasta besar al Sol\" tabindex=\"-1\" target=\"_blank\">\n\t\t\tRead More \u00bb\t\t<\/a>\n\n\t\t\t\t\t<\/div>\n\t\t\t\t<\/div>\n\t\t\t\t<\/article>\n\t\t\t\t<\/div>\n\t\t\n\t\t\t\t<div class=\"e-load-more-anchor\" data-page=\"1\" data-max-page=\"3\" data-next-page=\"https:\/\/pranikiteclub.com\/en\/wp-json\/wp\/v2\/pages\/178\/page\/2\/\"><\/div>\n\t\t\t\t<nav class=\"elementor-pagination\" aria-label=\"Pagination\">\n\t\t\t<span class=\"page-numbers prev\">&laquo; Previous<\/span>\n<span aria-current=\"page\" class=\"page-numbers current\"><span class=\"elementor-screen-only\">Page<\/span>1<\/span>\n<a class=\"page-numbers\" href=\"https:\/\/pranikiteclub.com\/en\/wp-json\/wp\/v2\/pages\/178\/page\/2\/\"><span class=\"elementor-screen-only\">Page<\/span>2<\/a>\n<a class=\"page-numbers\" href=\"https:\/\/pranikiteclub.com\/en\/wp-json\/wp\/v2\/pages\/178\/page\/3\/\"><span class=\"elementor-screen-only\">Page<\/span>3<\/a>\n<a class=\"page-numbers next\" href=\"https:\/\/pranikiteclub.com\/en\/wp-json\/wp\/v2\/pages\/178\/page\/2\/\">Next &raquo;<\/a>\t\t<\/nav>\n\t\t\t\t\t\t<\/div>\n\t\t\t\t<\/div>\n\t\t\t\t\t<\/div>\n\t\t\t\t<\/div>\n\t\t\t\t<\/div>\n\t\t","protected":false},"excerpt":{"rendered":"<p>Kitesurf en Puerto Morelos y<\/p>\n","protected":false},"author":1,"featured_media":0,"parent":0,"menu_order":0,"comment_status":"closed","ping_status":"closed","template":"","meta":{"content-type":"","footnotes":""},"class_list":["post-178","page","type-page","status-publish","hentry"],"yoast_head":"<!-- This site is optimized with the Yoast SEO Premium plugin v21.5 (Yoast SEO v26.7) - https:\/\/yoast.com\/wordpress\/plugins\/seo\/ -->\n<title>Blog - Pranik Kite Club<\/title>\n<meta name=\"robots\" content=\"index, follow, max-snippet:-1, max-image-preview:large, max-video-preview:-1\" \/>\n<link rel=\"canonical\" href=\"https:\/\/pranikiteclub.com\/en\/blog\/\" \/>\n<meta property=\"og:locale\" content=\"en_US\" \/>\n<meta property=\"og:type\" content=\"article\" \/>\n<meta property=\"og:title\" content=\"Blog\" \/>\n<meta property=\"og:description\" content=\"Kitesurf en Puerto Morelos y\" \/>\n<meta property=\"og:url\" content=\"https:\/\/pranikiteclub.com\/en\/blog\/\" \/>\n<meta property=\"og:site_name\" content=\"Pranik Kite Club\" \/>\n<meta property=\"article:modified_time\" content=\"2026-02-13T16:32:09+00:00\" \/>\n<meta name=\"twitter:card\" content=\"summary_large_image\" \/>\n<meta name=\"twitter:label1\" content=\"Est. reading time\" \/>\n\t<meta name=\"twitter:data1\" content=\"2 minutes\" \/>\n<script type=\"application\/ld+json\" class=\"yoast-schema-graph\">{\"@context\":\"https:\/\/schema.org\",\"@graph\":[{\"@type\":\"WebPage\",\"@id\":\"https:\/\/pranikiteclub.com\/blog\/\",\"url\":\"https:\/\/pranikiteclub.com\/blog\/\",\"name\":\"Blog - Pranik Kite Club\",\"isPartOf\":{\"@id\":\"https:\/\/pranikiteclub.com\/#website\"},\"datePublished\":\"2023-10-02T21:40:26+00:00\",\"dateModified\":\"2026-02-13T16:32:09+00:00\",\"breadcrumb\":{\"@id\":\"https:\/\/pranikiteclub.com\/blog\/#breadcrumb\"},\"inLanguage\":\"en-US\",\"potentialAction\":[{\"@type\":\"ReadAction\",\"target\":[\"https:\/\/pranikiteclub.com\/blog\/\"]}]},{\"@type\":\"BreadcrumbList\",\"@id\":\"https:\/\/pranikiteclub.com\/blog\/#breadcrumb\",\"itemListElement\":[{\"@type\":\"ListItem\",\"position\":1,\"name\":\"Home\",\"item\":\"https:\/\/pranikiteclub.com\/\"},{\"@type\":\"ListItem\",\"position\":2,\"name\":\"Blog\"}]},{\"@type\":\"WebSite\",\"@id\":\"https:\/\/pranikiteclub.com\/#website\",\"url\":\"https:\/\/pranikiteclub.com\/\",\"name\":\"Pranik Kite Club\",\"description\":\"\",\"publisher\":{\"@id\":\"https:\/\/pranikiteclub.com\/#organization\"},\"potentialAction\":[{\"@type\":\"SearchAction\",\"target\":{\"@type\":\"EntryPoint\",\"urlTemplate\":\"https:\/\/pranikiteclub.com\/?s={search_term_string}\"},\"query-input\":{\"@type\":\"PropertyValueSpecification\",\"valueRequired\":true,\"valueName\":\"search_term_string\"}}],\"inLanguage\":\"en-US\"},{\"@type\":\"Organization\",\"@id\":\"https:\/\/pranikiteclub.com\/#organization\",\"name\":\"Pranik Kite Club\",\"url\":\"https:\/\/pranikiteclub.com\/\",\"logo\":{\"@type\":\"ImageObject\",\"inLanguage\":\"en-US\",\"@id\":\"https:\/\/pranikiteclub.com\/#\/schema\/logo\/image\/\",\"url\":\"https:\/\/pranikiteclub.com\/wp-content\/uploads\/2023\/11\/fav.png\",\"contentUrl\":\"https:\/\/pranikiteclub.com\/wp-content\/uploads\/2023\/11\/fav.png\",\"width\":409,\"height\":443,\"caption\":\"Pranik Kite Club\"},\"image\":{\"@id\":\"https:\/\/pranikiteclub.com\/#\/schema\/logo\/image\/\"}}]}<\/script>\n<!-- \/ Yoast SEO Premium plugin. -->","yoast_head_json":{"title":"Blog - Pranik Kite Club","robots":{"index":"index","follow":"follow","max-snippet":"max-snippet:-1","max-image-preview":"max-image-preview:large","max-video-preview":"max-video-preview:-1"},"canonical":"https:\/\/pranikiteclub.com\/en\/blog\/","og_locale":"en_US","og_type":"article","og_title":"Blog","og_description":"Kitesurf en Puerto Morelos y","og_url":"https:\/\/pranikiteclub.com\/en\/blog\/","og_site_name":"Pranik Kite Club","article_modified_time":"2026-02-13T16:32:09+00:00","twitter_card":"summary_large_image","twitter_misc":{"Est. reading time":"2 minutes"},"schema":{"@context":"https:\/\/schema.org","@graph":[{"@type":"WebPage","@id":"https:\/\/pranikiteclub.com\/blog\/","url":"https:\/\/pranikiteclub.com\/blog\/","name":"Blog - Pranik Kite Club","isPartOf":{"@id":"https:\/\/pranikiteclub.com\/#website"},"datePublished":"2023-10-02T21:40:26+00:00","dateModified":"2026-02-13T16:32:09+00:00","breadcrumb":{"@id":"https:\/\/pranikiteclub.com\/blog\/#breadcrumb"},"inLanguage":"en-US","potentialAction":[{"@type":"ReadAction","target":["https:\/\/pranikiteclub.com\/blog\/"]}]},{"@type":"BreadcrumbList","@id":"https:\/\/pranikiteclub.com\/blog\/#breadcrumb","itemListElement":[{"@type":"ListItem","position":1,"name":"Home","item":"https:\/\/pranikiteclub.com\/"},{"@type":"ListItem","position":2,"name":"Blog"}]},{"@type":"WebSite","@id":"https:\/\/pranikiteclub.com\/#website","url":"https:\/\/pranikiteclub.com\/","name":"Pranik Kite Club","description":"","publisher":{"@id":"https:\/\/pranikiteclub.com\/#organization"},"potentialAction":[{"@type":"SearchAction","target":{"@type":"EntryPoint","urlTemplate":"https:\/\/pranikiteclub.com\/?s={search_term_string}"},"query-input":{"@type":"PropertyValueSpecification","valueRequired":true,"valueName":"search_term_string"}}],"inLanguage":"en-US"},{"@type":"Organization","@id":"https:\/\/pranikiteclub.com\/#organization","name":"Pranik Kite Club","url":"https:\/\/pranikiteclub.com\/","logo":{"@type":"ImageObject","inLanguage":"en-US","@id":"https:\/\/pranikiteclub.com\/#\/schema\/logo\/image\/","url":"https:\/\/pranikiteclub.com\/wp-content\/uploads\/2023\/11\/fav.png","contentUrl":"https:\/\/pranikiteclub.com\/wp-content\/uploads\/2023\/11\/fav.png","width":409,"height":443,"caption":"Pranik Kite Club"},"image":{"@id":"https:\/\/pranikiteclub.com\/#\/schema\/logo\/image\/"}}]}},"_links":{"self":[{"href":"https:\/\/pranikiteclub.com\/en\/wp-json\/wp\/v2\/pages\/178","targetHints":{"allow":["GET"]}}],"collection":[{"href":"https:\/\/pranikiteclub.com\/en\/wp-json\/wp\/v2\/pages"}],"about":[{"href":"https:\/\/pranikiteclub.com\/en\/wp-json\/wp\/v2\/types\/page"}],"author":[{"embeddable":true,"href":"https:\/\/pranikiteclub.com\/en\/wp-json\/wp\/v2\/users\/1"}],"replies":[{"embeddable":true,"href":"https:\/\/pranikiteclub.com\/en\/wp-json\/wp\/v2\/comments?post=178"}],"version-history":[{"count":25,"href":"https:\/\/pranikiteclub.com\/en\/wp-json\/wp\/v2\/pages\/178\/revisions"}],"predecessor-version":[{"id":2899,"href":"https:\/\/pranikiteclub.com\/en\/wp-json\/wp\/v2\/pages\/178\/revisions\/2899"}],"wp:attachment":[{"href":"https:\/\/pranikiteclub.com\/en\/wp-json\/wp\/v2\/media?parent=178"}],"curies":[{"name":"wp","href":"https:\/\/api.w.org\/{rel}","templated":true}]}}